{"id":2483,"date":"2023-06-27T16:16:33","date_gmt":"2023-06-27T16:16:33","guid":{"rendered":"https:\/\/www.hotelengirona.com\/restaurant-et-terrasse\/"},"modified":"2024-11-12T21:58:16","modified_gmt":"2024-11-12T21:58:16","slug":"restaurant-et-terrasse","status":"publish","type":"page","link":"https:\/\/www.hotelengirona.com\/fr\/restaurant-et-terrasse\/","title":{"rendered":"Restaurant et terrasse"},"content":{"rendered":"\t\t<div data-elementor-type=\"wp-page\" data-elementor-id=\"2483\" class=\"elementor elementor-2483 elementor-1120\" data-elementor-post-type=\"page\">\n\t\t\t\t\t\t<section class=\"elementor-section elementor-top-section elementor-element elementor-element-bc3c611 elementor-section-full_width elementor-section-stretched elementor-section-height-default elementor-section-height-default\" data-id=\"bc3c611\" data-element_type=\"section\" data-e-type=\"section\" data-settings=\"{&quot;stretch_section&quot;:&quot;section-stretched&quot;,&quot;background_background&quot;:&quot;classic&quot;}\">\n\t\t\t\t\t\t\t<div class=\"elementor-background-overlay\"><\/div>\n\t\t\t\t\t\t\t<div class=\"elementor-container elementor-column-gap-no\">\n\t\t\t\t\t<div class=\"elementor-column elementor-col-100 elementor-top-column elementor-element elementor-element-153a340\" data-id=\"153a340\" data-element_type=\"column\" data-e-type=\"column\">\n\t\t\t<div class=\"elementor-widget-wrap elementor-element-populated\">\n\t\t\t\t\t\t<div class=\"elementor-element elementor-element-57289d0 elementor-widget-mobile__width-initial elementor-widget elementor-widget-heading\" data-id=\"57289d0\" data-element_type=\"widget\" data-e-type=\"widget\" data-widget_type=\"heading.default\">\n\t\t\t\t<div class=\"elementor-widget-container\">\n\t\t\t\t\t<h2 class=\"elementor-heading-title elementor-size-default\">Restaurant Can Blanco: saveurs authentiques et tradition \u00e0 chaque bouch\u00e9e<\/h2>\t\t\t\t<\/div>\n\t\t\t\t<\/div>\n\t\t\t\t\t<\/div>\n\t\t<\/div>\n\t\t\t\t\t<\/div>\n\t\t<\/section>\n\t\t\t\t<section class=\"elementor-section elementor-top-section elementor-element elementor-element-27ae6339 elementor-section-boxed elementor-section-height-default elementor-section-height-default\" data-id=\"27ae6339\" data-element_type=\"section\" data-e-type=\"section\">\n\t\t\t\t\t\t\t<div class=\"elementor-background-overlay\"><\/div>\n\t\t\t\t\t\t\t<div class=\"elementor-container elementor-column-gap-default\">\n\t\t\t\t\t<div class=\"elementor-column elementor-col-100 elementor-top-column elementor-element elementor-element-7e0b731a\" data-id=\"7e0b731a\" data-element_type=\"column\" data-e-type=\"column\">\n\t\t\t<div class=\"elementor-widget-wrap elementor-element-populated\">\n\t\t\t\t\t\t<div class=\"elementor-element elementor-element-8c6e23a elementor-invisible elementor-widget elementor-widget-heading\" data-id=\"8c6e23a\" data-element_type=\"widget\" data-e-type=\"widget\" data-settings=\"{&quot;_animation&quot;:&quot;fadeInUp&quot;}\" data-widget_type=\"heading.default\">\n\t\t\t\t<div class=\"elementor-widget-container\">\n\t\t\t\t\t<h2 class=\"elementor-heading-title elementor-size-default\">Restaurant Can Blanco<\/h2>\t\t\t\t<\/div>\n\t\t\t\t<\/div>\n\t\t\t\t<div class=\"elementor-element elementor-element-52709116 elementor-invisible elementor-widget elementor-widget-heading\" data-id=\"52709116\" data-element_type=\"widget\" data-e-type=\"widget\" data-settings=\"{&quot;_animation&quot;:&quot;fadeInUp&quot;}\" data-widget_type=\"heading.default\">\n\t\t\t\t<div class=\"elementor-widget-container\">\n\t\t\t\t\t<h2 class=\"elementor-heading-title elementor-size-default\">H\u00f4tel Palau de Girona<\/h2>\t\t\t\t<\/div>\n\t\t\t\t<\/div>\n\t\t\t\t<div class=\"elementor-element elementor-element-34d0f969 elementor-invisible elementor-widget elementor-widget-text-editor\" data-id=\"34d0f969\" data-element_type=\"widget\" data-e-type=\"widget\" data-settings=\"{&quot;_animation&quot;:&quot;fadeInUp&quot;,&quot;_animation_delay&quot;:200}\" data-widget_type=\"text-editor.default\">\n\t\t\t\t<div class=\"elementor-widget-container\">\n\t\t\t\t\t\t\t\t\t<div class=\"tpl-text3 \">\n<article>\n<section class=\"text\">Dans <a href=\"https:\/\/www.restaurantecanblanco.com\" target=\"_blank\" rel=\"noopener\"><b >Restaurant Can Blanco<\/b><\/a>, nous vous invitons \u00e0 vivre une exp\u00e9rience gastronomique unique o\u00f9 tradition et authenticit\u00e9 se conjuguent dans chaque plat. Notre menu s&rsquo;inspire de recettes locales et d&rsquo;ingr\u00e9dients frais de la meilleure qualit\u00e9, soigneusement s\u00e9lectionn\u00e9s pour vous offrir des saveurs qui resteront longtemps dans votre m\u00e9moire.<\/p>\n<p>Profitez d&rsquo;une ambiance cosy et d&rsquo;un service impeccable, id\u00e9al pour des moments privil\u00e9gi\u00e9s ou des d\u00eeners inoubliables. Venez et soyez surpris par la saveur authentique de Can Blanco !<\/p>\n<\/section>\n<\/article>\n<\/div>\n\t\t\t\t\t\t\t\t<\/div>\n\t\t\t\t<\/div>\n\t\t\t\t\t<\/div>\n\t\t<\/div>\n\t\t\t\t\t<\/div>\n\t\t<\/section>\n\t\t\t\t<section class=\"elementor-section elementor-top-section elementor-element elementor-element-d5e298b elementor-section-boxed elementor-section-height-default elementor-section-height-default\" data-id=\"d5e298b\" data-element_type=\"section\" data-e-type=\"section\">\n\t\t\t\t\t\t<div class=\"elementor-container elementor-column-gap-default\">\n\t\t\t\t\t<div class=\"elementor-column elementor-col-100 elementor-top-column elementor-element elementor-element-fca3f92\" data-id=\"fca3f92\" data-element_type=\"column\" data-e-type=\"column\">\n\t\t\t<div class=\"elementor-widget-wrap elementor-element-populated\">\n\t\t\t\t\t\t<div class=\"elementor-element elementor-element-1d1d6ca elementor-widget elementor-widget-hoteller-gallery-justified\" data-id=\"1d1d6ca\" data-element_type=\"widget\" data-e-type=\"widget\" data-widget_type=\"hoteller-gallery-justified.default\">\n\t\t\t\t<div class=\"elementor-widget-container\">\n\t\t\t\t\t<div class=\"gallery_grid_content_wrapper do_justified justified-gallery\" data-row_height=\"150\" data-margin=\"5\" data-justify_last_row=\"yes\">\n\t\t<div class=\"entry gallery_grid_item gallery-grid-tilt\">\n\t\t\t\t\t\t\t<a class=\"tg_gallery_lightbox\" href=\"https:\/\/www.hotelengirona.com\/wp-content\/uploads\/2024\/11\/IMG_0077-scaled.jpg\" data-thumb=\"https:\/\/www.hotelengirona.com\/wp-content\/uploads\/2024\/11\/IMG_0077-300x225.jpg\" data-rel=\"tg_gallery1d1d6ca\"  >\n\t\t\t\t\t\t\t<img decoding=\"async\" src=\"https:\/\/www.hotelengirona.com\/wp-content\/uploads\/2024\/11\/IMG_0077-768x576.jpg\" alt=\"\" \/>\n\t\t\t\t\t\t\t<\/a>\n\t\t\t\t\t<\/div>\n\t\t<div class=\"entry gallery_grid_item gallery-grid-tilt\">\n\t\t\t\t\t\t\t<a class=\"tg_gallery_lightbox\" href=\"https:\/\/www.hotelengirona.com\/wp-content\/uploads\/2024\/11\/IMG_0076-scaled.jpg\" data-thumb=\"https:\/\/www.hotelengirona.com\/wp-content\/uploads\/2024\/11\/IMG_0076-300x225.jpg\" data-rel=\"tg_gallery1d1d6ca\"  >\n\t\t\t\t\t\t\t<img decoding=\"async\" src=\"https:\/\/www.hotelengirona.com\/wp-content\/uploads\/2024\/11\/IMG_0076-768x576.jpg\" alt=\"\" \/>\n\t\t\t\t\t\t\t<\/a>\n\t\t\t\t\t<\/div>\n\t\t<div class=\"entry gallery_grid_item gallery-grid-tilt\">\n\t\t\t\t\t\t\t<a class=\"tg_gallery_lightbox\" href=\"https:\/\/www.hotelengirona.com\/wp-content\/uploads\/2024\/11\/IMG_0075-scaled.jpg\" data-thumb=\"https:\/\/www.hotelengirona.com\/wp-content\/uploads\/2024\/11\/IMG_0075-300x225.jpg\" data-rel=\"tg_gallery1d1d6ca\"  >\n\t\t\t\t\t\t\t<img decoding=\"async\" src=\"https:\/\/www.hotelengirona.com\/wp-content\/uploads\/2024\/11\/IMG_0075-768x576.jpg\" alt=\"\" \/>\n\t\t\t\t\t\t\t<\/a>\n\t\t\t\t\t<\/div>\n\t\t<div class=\"entry gallery_grid_item gallery-grid-tilt\">\n\t\t\t\t\t\t\t<a class=\"tg_gallery_lightbox\" href=\"https:\/\/www.hotelengirona.com\/wp-content\/uploads\/2024\/11\/IMG_0074-scaled.jpg\" data-thumb=\"https:\/\/www.hotelengirona.com\/wp-content\/uploads\/2024\/11\/IMG_0074-300x225.jpg\" data-rel=\"tg_gallery1d1d6ca\"  >\n\t\t\t\t\t\t\t<img decoding=\"async\" src=\"https:\/\/www.hotelengirona.com\/wp-content\/uploads\/2024\/11\/IMG_0074-768x576.jpg\" alt=\"\" \/>\n\t\t\t\t\t\t\t<\/a>\n\t\t\t\t\t<\/div>\n\t\t<div class=\"entry gallery_grid_item gallery-grid-tilt\">\n\t\t\t\t\t\t\t<a class=\"tg_gallery_lightbox\" href=\"https:\/\/www.hotelengirona.com\/wp-content\/uploads\/2024\/11\/IMG_0073-scaled.jpg\" data-thumb=\"https:\/\/www.hotelengirona.com\/wp-content\/uploads\/2024\/11\/IMG_0073-300x225.jpg\" data-rel=\"tg_gallery1d1d6ca\"  >\n\t\t\t\t\t\t\t<img decoding=\"async\" src=\"https:\/\/www.hotelengirona.com\/wp-content\/uploads\/2024\/11\/IMG_0073-768x576.jpg\" alt=\"\" \/>\n\t\t\t\t\t\t\t<\/a>\n\t\t\t\t\t<\/div>\n\t\t<div class=\"entry gallery_grid_item gallery-grid-tilt\">\n\t\t\t\t\t\t\t<a class=\"tg_gallery_lightbox\" href=\"https:\/\/www.hotelengirona.com\/wp-content\/uploads\/2024\/11\/IMG_0070-scaled.jpg\" data-thumb=\"https:\/\/www.hotelengirona.com\/wp-content\/uploads\/2024\/11\/IMG_0070-300x225.jpg\" data-rel=\"tg_gallery1d1d6ca\"  >\n\t\t\t\t\t\t\t<img decoding=\"async\" src=\"https:\/\/www.hotelengirona.com\/wp-content\/uploads\/2024\/11\/IMG_0070-768x576.jpg\" alt=\"\" \/>\n\t\t\t\t\t\t\t<\/a>\n\t\t\t\t\t<\/div>\n\t\t<div class=\"entry gallery_grid_item gallery-grid-tilt\">\n\t\t\t\t\t\t\t<a class=\"tg_gallery_lightbox\" href=\"https:\/\/www.hotelengirona.com\/wp-content\/uploads\/2024\/11\/IMG_0069-scaled.jpg\" data-thumb=\"https:\/\/www.hotelengirona.com\/wp-content\/uploads\/2024\/11\/IMG_0069-300x225.jpg\" data-rel=\"tg_gallery1d1d6ca\"  >\n\t\t\t\t\t\t\t<img decoding=\"async\" src=\"https:\/\/www.hotelengirona.com\/wp-content\/uploads\/2024\/11\/IMG_0069-768x576.jpg\" alt=\"\" \/>\n\t\t\t\t\t\t\t<\/a>\n\t\t\t\t\t<\/div>\n\t\t<div class=\"entry gallery_grid_item gallery-grid-tilt\">\n\t\t\t\t\t\t\t<a class=\"tg_gallery_lightbox\" href=\"https:\/\/www.hotelengirona.com\/wp-content\/uploads\/2024\/11\/IMG_0067-scaled.jpg\" data-thumb=\"https:\/\/www.hotelengirona.com\/wp-content\/uploads\/2024\/11\/IMG_0067-225x300.jpg\" data-rel=\"tg_gallery1d1d6ca\"  >\n\t\t\t\t\t\t\t<img decoding=\"async\" src=\"https:\/\/www.hotelengirona.com\/wp-content\/uploads\/2024\/11\/IMG_0067-768x1024.jpg\" alt=\"\" \/>\n\t\t\t\t\t\t\t<\/a>\n\t\t\t\t\t<\/div>\n\t\t<div class=\"entry gallery_grid_item gallery-grid-tilt\">\n\t\t\t\t\t\t\t<a class=\"tg_gallery_lightbox\" href=\"https:\/\/www.hotelengirona.com\/wp-content\/uploads\/2024\/11\/IMG_0066-scaled.jpg\" data-thumb=\"https:\/\/www.hotelengirona.com\/wp-content\/uploads\/2024\/11\/IMG_0066-300x225.jpg\" data-rel=\"tg_gallery1d1d6ca\"  >\n\t\t\t\t\t\t\t<img decoding=\"async\" src=\"https:\/\/www.hotelengirona.com\/wp-content\/uploads\/2024\/11\/IMG_0066-768x576.jpg\" alt=\"\" \/>\n\t\t\t\t\t\t\t<\/a>\n\t\t\t\t\t<\/div>\n\t\t<div class=\"entry gallery_grid_item gallery-grid-tilt\">\n\t\t\t\t\t\t\t<a class=\"tg_gallery_lightbox\" href=\"https:\/\/www.hotelengirona.com\/wp-content\/uploads\/2024\/11\/IMG_0065-scaled.jpg\" data-thumb=\"https:\/\/www.hotelengirona.com\/wp-content\/uploads\/2024\/11\/IMG_0065-300x225.jpg\" data-rel=\"tg_gallery1d1d6ca\"  >\n\t\t\t\t\t\t\t<img decoding=\"async\" src=\"https:\/\/www.hotelengirona.com\/wp-content\/uploads\/2024\/11\/IMG_0065-768x576.jpg\" alt=\"\" \/>\n\t\t\t\t\t\t\t<\/a>\n\t\t\t\t\t<\/div>\n\t\t<div class=\"entry gallery_grid_item gallery-grid-tilt\">\n\t\t\t\t\t\t\t<a class=\"tg_gallery_lightbox\" href=\"https:\/\/www.hotelengirona.com\/wp-content\/uploads\/2024\/11\/IMG_0064-scaled.jpg\" data-thumb=\"https:\/\/www.hotelengirona.com\/wp-content\/uploads\/2024\/11\/IMG_0064-300x225.jpg\" data-rel=\"tg_gallery1d1d6ca\"  >\n\t\t\t\t\t\t\t<img decoding=\"async\" src=\"https:\/\/www.hotelengirona.com\/wp-content\/uploads\/2024\/11\/IMG_0064-768x576.jpg\" alt=\"\" \/>\n\t\t\t\t\t\t\t<\/a>\n\t\t\t\t\t<\/div>\n\t\t<div class=\"entry gallery_grid_item gallery-grid-tilt\">\n\t\t\t\t\t\t\t<a class=\"tg_gallery_lightbox\" href=\"https:\/\/www.hotelengirona.com\/wp-content\/uploads\/2024\/11\/IMG_0063-scaled.jpg\" data-thumb=\"https:\/\/www.hotelengirona.com\/wp-content\/uploads\/2024\/11\/IMG_0063-300x225.jpg\" data-rel=\"tg_gallery1d1d6ca\"  >\n\t\t\t\t\t\t\t<img decoding=\"async\" src=\"https:\/\/www.hotelengirona.com\/wp-content\/uploads\/2024\/11\/IMG_0063-768x576.jpg\" alt=\"\" \/>\n\t\t\t\t\t\t\t<\/a>\n\t\t\t\t\t<\/div>\n\t\t<div class=\"entry gallery_grid_item gallery-grid-tilt\">\n\t\t\t\t\t\t\t<a class=\"tg_gallery_lightbox\" href=\"https:\/\/www.hotelengirona.com\/wp-content\/uploads\/2024\/11\/IMG_0062-scaled.jpg\" data-thumb=\"https:\/\/www.hotelengirona.com\/wp-content\/uploads\/2024\/11\/IMG_0062-300x225.jpg\" data-rel=\"tg_gallery1d1d6ca\"  >\n\t\t\t\t\t\t\t<img decoding=\"async\" src=\"https:\/\/www.hotelengirona.com\/wp-content\/uploads\/2024\/11\/IMG_0062-768x576.jpg\" alt=\"\" \/>\n\t\t\t\t\t\t\t<\/a>\n\t\t\t\t\t<\/div>\n\t\t<div class=\"entry gallery_grid_item gallery-grid-tilt\">\n\t\t\t\t\t\t\t<a class=\"tg_gallery_lightbox\" href=\"https:\/\/www.hotelengirona.com\/wp-content\/uploads\/2024\/11\/IMG_0061-scaled.jpg\" data-thumb=\"https:\/\/www.hotelengirona.com\/wp-content\/uploads\/2024\/11\/IMG_0061-300x225.jpg\" data-rel=\"tg_gallery1d1d6ca\"  >\n\t\t\t\t\t\t\t<img decoding=\"async\" src=\"https:\/\/www.hotelengirona.com\/wp-content\/uploads\/2024\/11\/IMG_0061-768x576.jpg\" alt=\"\" \/>\n\t\t\t\t\t\t\t<\/a>\n\t\t\t\t\t<\/div>\n\t\t<div class=\"entry gallery_grid_item gallery-grid-tilt\">\n\t\t\t\t\t\t\t<a class=\"tg_gallery_lightbox\" href=\"https:\/\/www.hotelengirona.com\/wp-content\/uploads\/2024\/11\/IMG_0060-scaled.jpg\" data-thumb=\"https:\/\/www.hotelengirona.com\/wp-content\/uploads\/2024\/11\/IMG_0060-225x300.jpg\" data-rel=\"tg_gallery1d1d6ca\"  >\n\t\t\t\t\t\t\t<img decoding=\"async\" src=\"https:\/\/www.hotelengirona.com\/wp-content\/uploads\/2024\/11\/IMG_0060-768x1024.jpg\" alt=\"\" \/>\n\t\t\t\t\t\t\t<\/a>\n\t\t\t\t\t<\/div>\n\t\t<div class=\"entry gallery_grid_item gallery-grid-tilt\">\n\t\t\t\t\t\t\t<a class=\"tg_gallery_lightbox\" href=\"https:\/\/www.hotelengirona.com\/wp-content\/uploads\/2024\/11\/IMG_0059-scaled.jpg\" data-thumb=\"https:\/\/www.hotelengirona.com\/wp-content\/uploads\/2024\/11\/IMG_0059-300x225.jpg\" data-rel=\"tg_gallery1d1d6ca\"  >\n\t\t\t\t\t\t\t<img decoding=\"async\" src=\"https:\/\/www.hotelengirona.com\/wp-content\/uploads\/2024\/11\/IMG_0059-768x576.jpg\" alt=\"\" \/>\n\t\t\t\t\t\t\t<\/a>\n\t\t\t\t\t<\/div>\n\t\t<div class=\"entry gallery_grid_item gallery-grid-tilt\">\n\t\t\t\t\t\t\t<a class=\"tg_gallery_lightbox\" href=\"https:\/\/www.hotelengirona.com\/wp-content\/uploads\/2024\/11\/IMG_0056-scaled.jpg\" data-thumb=\"https:\/\/www.hotelengirona.com\/wp-content\/uploads\/2024\/11\/IMG_0056-225x300.jpg\" data-rel=\"tg_gallery1d1d6ca\"  >\n\t\t\t\t\t\t\t<img decoding=\"async\" src=\"https:\/\/www.hotelengirona.com\/wp-content\/uploads\/2024\/11\/IMG_0056-768x1024.jpg\" alt=\"\" \/>\n\t\t\t\t\t\t\t<\/a>\n\t\t\t\t\t<\/div>\n\t\t<div class=\"entry gallery_grid_item gallery-grid-tilt\">\n\t\t\t\t\t\t\t<a class=\"tg_gallery_lightbox\" href=\"https:\/\/www.hotelengirona.com\/wp-content\/uploads\/2024\/11\/IMG_0055-scaled.jpg\" data-thumb=\"https:\/\/www.hotelengirona.com\/wp-content\/uploads\/2024\/11\/IMG_0055-225x300.jpg\" data-rel=\"tg_gallery1d1d6ca\"  >\n\t\t\t\t\t\t\t<img decoding=\"async\" src=\"https:\/\/www.hotelengirona.com\/wp-content\/uploads\/2024\/11\/IMG_0055-768x1024.jpg\" alt=\"\" \/>\n\t\t\t\t\t\t\t<\/a>\n\t\t\t\t\t<\/div>\n\t\t<div class=\"entry gallery_grid_item gallery-grid-tilt\">\n\t\t\t\t\t\t\t<a class=\"tg_gallery_lightbox\" href=\"https:\/\/www.hotelengirona.com\/wp-content\/uploads\/2024\/11\/IMG_0054-scaled.jpg\" data-thumb=\"https:\/\/www.hotelengirona.com\/wp-content\/uploads\/2024\/11\/IMG_0054-300x225.jpg\" data-rel=\"tg_gallery1d1d6ca\"  >\n\t\t\t\t\t\t\t<img decoding=\"async\" src=\"https:\/\/www.hotelengirona.com\/wp-content\/uploads\/2024\/11\/IMG_0054-768x576.jpg\" alt=\"\" \/>\n\t\t\t\t\t\t\t<\/a>\n\t\t\t\t\t<\/div>\n\t\t<div class=\"entry gallery_grid_item gallery-grid-tilt\">\n\t\t\t\t\t\t\t<a class=\"tg_gallery_lightbox\" href=\"https:\/\/www.hotelengirona.com\/wp-content\/uploads\/2024\/11\/IMG_0053-scaled.jpg\" data-thumb=\"https:\/\/www.hotelengirona.com\/wp-content\/uploads\/2024\/11\/IMG_0053-300x225.jpg\" data-rel=\"tg_gallery1d1d6ca\"  >\n\t\t\t\t\t\t\t<img decoding=\"async\" src=\"https:\/\/www.hotelengirona.com\/wp-content\/uploads\/2024\/11\/IMG_0053-768x576.jpg\" alt=\"\" \/>\n\t\t\t\t\t\t\t<\/a>\n\t\t\t\t\t<\/div>\n\t\t<div class=\"entry gallery_grid_item gallery-grid-tilt\">\n\t\t\t\t\t\t\t<a class=\"tg_gallery_lightbox\" href=\"https:\/\/www.hotelengirona.com\/wp-content\/uploads\/2024\/11\/IMG_0052-scaled.jpg\" data-thumb=\"https:\/\/www.hotelengirona.com\/wp-content\/uploads\/2024\/11\/IMG_0052-300x225.jpg\" data-rel=\"tg_gallery1d1d6ca\"  >\n\t\t\t\t\t\t\t<img decoding=\"async\" src=\"https:\/\/www.hotelengirona.com\/wp-content\/uploads\/2024\/11\/IMG_0052-768x576.jpg\" alt=\"\" \/>\n\t\t\t\t\t\t\t<\/a>\n\t\t\t\t\t<\/div>\n<br class=\"clear\"\/>\n<\/div>\n\t\t\t\t<\/div>\n\t\t\t\t<\/div>\n\t\t\t\t\t<\/div>\n\t\t<\/div>\n\t\t\t\t\t<\/div>\n\t\t<\/section>\n\t\t\t\t<\/div>\n\t\t","protected":false},"excerpt":{"rendered":"<p>Restaurant Can Blanco: saveurs authentiques et tradition \u00e0 chaque bouch\u00e9e Restaurant Can Blanco H\u00f4tel Palau de Girona Dans Restaurant Can Blanco, nous vous invitons \u00e0 vivre une exp\u00e9rience gastronomique unique o\u00f9 tradition et authenticit\u00e9 se conjuguent dans chaque plat. Notre [&hellip;]<\/p>\n","protected":false},"author":1,"featured_media":2335,"parent":0,"menu_order":0,"comment_status":"closed","ping_status":"closed","template":"elementor_theme","meta":{"footnotes":""},"class_list":["post-2483","page","type-page","status-publish","has-post-thumbnail","hentry"],"yoast_head":"<!-- This site is optimized with the Yoast SEO plugin v27.2 - https:\/\/yoast.com\/product\/yoast-seo-wordpress\/ -->\n<title>Restaurant et terrasse - Hotel Palau de Girona<\/title>\n<meta name=\"description\" content=\"Profitez du climat de G\u00e9rone sur notre terrasse. Notre restaurant pr\u00e9pare les plats les plus exquis de la cuisine catalane.\" \/>\n<meta name=\"robots\" content=\"index, follow, max-snippet:-1, max-image-preview:large, max-video-preview:-1\" \/>\n<link rel=\"canonical\" href=\"https:\/\/www.hotelengirona.com\/restaurante-y-terraza\/\" \/>\n<meta property=\"og:locale\" content=\"fr_FR\" \/>\n<meta property=\"og:type\" content=\"article\" \/>\n<meta property=\"og:title\" content=\"Restaurant et terrasse - Hotel Palau de Girona\" \/>\n<meta property=\"og:description\" content=\"Profitez du climat de G\u00e9rone sur notre terrasse. Notre restaurant pr\u00e9pare les plats les plus exquis de la cuisine catalane.\" \/>\n<meta property=\"og:url\" content=\"https:\/\/www.hotelengirona.com\/restaurante-y-terraza\/\" \/>\n<meta property=\"og:site_name\" content=\"Hotel Palau de Girona\" \/>\n<meta property=\"article:modified_time\" content=\"2024-11-12T21:58:16+00:00\" \/>\n<meta property=\"og:image\" content=\"https:\/\/www.hotelengirona.com\/wp-content\/uploads\/2020\/10\/22-1.jpg\" \/>\n\t<meta property=\"og:image:width\" content=\"1500\" \/>\n\t<meta property=\"og:image:height\" content=\"1000\" \/>\n\t<meta property=\"og:image:type\" content=\"image\/jpeg\" \/>\n<meta name=\"twitter:card\" content=\"summary_large_image\" \/>\n<meta name=\"twitter:label1\" content=\"Dur\u00e9e de lecture estim\u00e9e\" \/>\n\t<meta name=\"twitter:data1\" content=\"1 minute\" \/>\n<script type=\"application\/ld+json\" class=\"yoast-schema-graph\">{\"@context\":\"https:\/\/schema.org\",\"@graph\":[{\"@type\":\"WebPage\",\"@id\":\"https:\/\/www.hotelengirona.com\/restaurante-y-terraza\/\",\"url\":\"https:\/\/www.hotelengirona.com\/restaurante-y-terraza\/\",\"name\":\"Restaurant et terrasse - Hotel Palau de Girona\",\"isPartOf\":{\"@id\":\"https:\/\/www.hotelengirona.com\/#website\"},\"primaryImageOfPage\":{\"@id\":\"https:\/\/www.hotelengirona.com\/restaurante-y-terraza\/#primaryimage\"},\"image\":{\"@id\":\"https:\/\/www.hotelengirona.com\/restaurante-y-terraza\/#primaryimage\"},\"thumbnailUrl\":\"https:\/\/www.hotelengirona.com\/wp-content\/uploads\/2020\/10\/22-1.jpg\",\"datePublished\":\"2023-06-27T16:16:33+00:00\",\"dateModified\":\"2024-11-12T21:58:16+00:00\",\"description\":\"Profitez du climat de G\u00e9rone sur notre terrasse. Notre restaurant pr\u00e9pare les plats les plus exquis de la cuisine catalane.\",\"breadcrumb\":{\"@id\":\"https:\/\/www.hotelengirona.com\/restaurante-y-terraza\/#breadcrumb\"},\"inLanguage\":\"fr-FR\",\"potentialAction\":[{\"@type\":\"ReadAction\",\"target\":[\"https:\/\/www.hotelengirona.com\/restaurante-y-terraza\/\"]}]},{\"@type\":\"ImageObject\",\"inLanguage\":\"fr-FR\",\"@id\":\"https:\/\/www.hotelengirona.com\/restaurante-y-terraza\/#primaryimage\",\"url\":\"https:\/\/www.hotelengirona.com\/wp-content\/uploads\/2020\/10\/22-1.jpg\",\"contentUrl\":\"https:\/\/www.hotelengirona.com\/wp-content\/uploads\/2020\/10\/22-1.jpg\",\"width\":1500,\"height\":1000},{\"@type\":\"BreadcrumbList\",\"@id\":\"https:\/\/www.hotelengirona.com\/restaurante-y-terraza\/#breadcrumb\",\"itemListElement\":[{\"@type\":\"ListItem\",\"position\":1,\"name\":\"Portada\",\"item\":\"https:\/\/www.hotelengirona.com\/\"},{\"@type\":\"ListItem\",\"position\":2,\"name\":\"Restaurant et terrasse\"}]},{\"@type\":\"WebSite\",\"@id\":\"https:\/\/www.hotelengirona.com\/#website\",\"url\":\"https:\/\/www.hotelengirona.com\/\",\"name\":\"Hotel Palau de Girona\",\"description\":\"Sant Juli\u00e0 de Ramis, Girona\",\"publisher\":{\"@id\":\"https:\/\/www.hotelengirona.com\/#organization\"},\"potentialAction\":[{\"@type\":\"SearchAction\",\"target\":{\"@type\":\"EntryPoint\",\"urlTemplate\":\"https:\/\/www.hotelengirona.com\/?s={search_term_string}\"},\"query-input\":{\"@type\":\"PropertyValueSpecification\",\"valueRequired\":true,\"valueName\":\"search_term_string\"}}],\"inLanguage\":\"fr-FR\"},{\"@type\":\"Organization\",\"@id\":\"https:\/\/www.hotelengirona.com\/#organization\",\"name\":\"Hotel Palau de Girona\",\"url\":\"https:\/\/www.hotelengirona.com\/\",\"logo\":{\"@type\":\"ImageObject\",\"inLanguage\":\"fr-FR\",\"@id\":\"https:\/\/www.hotelengirona.com\/#\/schema\/logo\/image\/\",\"url\":\"https:\/\/www.hotelengirona.com\/wp-content\/uploads\/2019\/06\/logohpg.png\",\"contentUrl\":\"https:\/\/www.hotelengirona.com\/wp-content\/uploads\/2019\/06\/logohpg.png\",\"width\":11811,\"height\":9364,\"caption\":\"Hotel Palau de Girona\"},\"image\":{\"@id\":\"https:\/\/www.hotelengirona.com\/#\/schema\/logo\/image\/\"}}]}<\/script>\n<!-- \/ Yoast SEO plugin. -->","yoast_head_json":{"title":"Restaurant et terrasse - Hotel Palau de Girona","description":"Profitez du climat de G\u00e9rone sur notre terrasse. Notre restaurant pr\u00e9pare les plats les plus exquis de la cuisine catalane.","robots":{"index":"index","follow":"follow","max-snippet":"max-snippet:-1","max-image-preview":"max-image-preview:large","max-video-preview":"max-video-preview:-1"},"canonical":"https:\/\/www.hotelengirona.com\/restaurante-y-terraza\/","og_locale":"fr_FR","og_type":"article","og_title":"Restaurant et terrasse - Hotel Palau de Girona","og_description":"Profitez du climat de G\u00e9rone sur notre terrasse. Notre restaurant pr\u00e9pare les plats les plus exquis de la cuisine catalane.","og_url":"https:\/\/www.hotelengirona.com\/restaurante-y-terraza\/","og_site_name":"Hotel Palau de Girona","article_modified_time":"2024-11-12T21:58:16+00:00","og_image":[{"width":1500,"height":1000,"url":"https:\/\/www.hotelengirona.com\/wp-content\/uploads\/2020\/10\/22-1.jpg","type":"image\/jpeg"}],"twitter_card":"summary_large_image","twitter_misc":{"Dur\u00e9e de lecture estim\u00e9e":"1 minute"},"schema":{"@context":"https:\/\/schema.org","@graph":[{"@type":"WebPage","@id":"https:\/\/www.hotelengirona.com\/restaurante-y-terraza\/","url":"https:\/\/www.hotelengirona.com\/restaurante-y-terraza\/","name":"Restaurant et terrasse - Hotel Palau de Girona","isPartOf":{"@id":"https:\/\/www.hotelengirona.com\/#website"},"primaryImageOfPage":{"@id":"https:\/\/www.hotelengirona.com\/restaurante-y-terraza\/#primaryimage"},"image":{"@id":"https:\/\/www.hotelengirona.com\/restaurante-y-terraza\/#primaryimage"},"thumbnailUrl":"https:\/\/www.hotelengirona.com\/wp-content\/uploads\/2020\/10\/22-1.jpg","datePublished":"2023-06-27T16:16:33+00:00","dateModified":"2024-11-12T21:58:16+00:00","description":"Profitez du climat de G\u00e9rone sur notre terrasse. Notre restaurant pr\u00e9pare les plats les plus exquis de la cuisine catalane.","breadcrumb":{"@id":"https:\/\/www.hotelengirona.com\/restaurante-y-terraza\/#breadcrumb"},"inLanguage":"fr-FR","potentialAction":[{"@type":"ReadAction","target":["https:\/\/www.hotelengirona.com\/restaurante-y-terraza\/"]}]},{"@type":"ImageObject","inLanguage":"fr-FR","@id":"https:\/\/www.hotelengirona.com\/restaurante-y-terraza\/#primaryimage","url":"https:\/\/www.hotelengirona.com\/wp-content\/uploads\/2020\/10\/22-1.jpg","contentUrl":"https:\/\/www.hotelengirona.com\/wp-content\/uploads\/2020\/10\/22-1.jpg","width":1500,"height":1000},{"@type":"BreadcrumbList","@id":"https:\/\/www.hotelengirona.com\/restaurante-y-terraza\/#breadcrumb","itemListElement":[{"@type":"ListItem","position":1,"name":"Portada","item":"https:\/\/www.hotelengirona.com\/"},{"@type":"ListItem","position":2,"name":"Restaurant et terrasse"}]},{"@type":"WebSite","@id":"https:\/\/www.hotelengirona.com\/#website","url":"https:\/\/www.hotelengirona.com\/","name":"Hotel Palau de Girona","description":"Sant Juli\u00e0 de Ramis, Girona","publisher":{"@id":"https:\/\/www.hotelengirona.com\/#organization"},"potentialAction":[{"@type":"SearchAction","target":{"@type":"EntryPoint","urlTemplate":"https:\/\/www.hotelengirona.com\/?s={search_term_string}"},"query-input":{"@type":"PropertyValueSpecification","valueRequired":true,"valueName":"search_term_string"}}],"inLanguage":"fr-FR"},{"@type":"Organization","@id":"https:\/\/www.hotelengirona.com\/#organization","name":"Hotel Palau de Girona","url":"https:\/\/www.hotelengirona.com\/","logo":{"@type":"ImageObject","inLanguage":"fr-FR","@id":"https:\/\/www.hotelengirona.com\/#\/schema\/logo\/image\/","url":"https:\/\/www.hotelengirona.com\/wp-content\/uploads\/2019\/06\/logohpg.png","contentUrl":"https:\/\/www.hotelengirona.com\/wp-content\/uploads\/2019\/06\/logohpg.png","width":11811,"height":9364,"caption":"Hotel Palau de Girona"},"image":{"@id":"https:\/\/www.hotelengirona.com\/#\/schema\/logo\/image\/"}}]}},"_links":{"self":[{"href":"https:\/\/www.hotelengirona.com\/fr\/wp-json\/wp\/v2\/pages\/2483","targetHints":{"allow":["GET"]}}],"collection":[{"href":"https:\/\/www.hotelengirona.com\/fr\/wp-json\/wp\/v2\/pages"}],"about":[{"href":"https:\/\/www.hotelengirona.com\/fr\/wp-json\/wp\/v2\/types\/page"}],"author":[{"embeddable":true,"href":"https:\/\/www.hotelengirona.com\/fr\/wp-json\/wp\/v2\/users\/1"}],"replies":[{"embeddable":true,"href":"https:\/\/www.hotelengirona.com\/fr\/wp-json\/wp\/v2\/comments?post=2483"}],"version-history":[{"count":3,"href":"https:\/\/www.hotelengirona.com\/fr\/wp-json\/wp\/v2\/pages\/2483\/revisions"}],"predecessor-version":[{"id":2886,"href":"https:\/\/www.hotelengirona.com\/fr\/wp-json\/wp\/v2\/pages\/2483\/revisions\/2886"}],"wp:featuredmedia":[{"embeddable":true,"href":"https:\/\/www.hotelengirona.com\/fr\/wp-json\/wp\/v2\/media\/2335"}],"wp:attachment":[{"href":"https:\/\/www.hotelengirona.com\/fr\/wp-json\/wp\/v2\/media?parent=2483"}],"curies":[{"name":"wp","href":"https:\/\/api.w.org\/{rel}","templated":true}]}}