{"id":2434,"date":"2023-06-27T15:55:08","date_gmt":"2023-06-27T15:55:08","guid":{"rendered":"https:\/\/www.hotelengirona.com\/privacy-policy\/"},"modified":"2023-06-27T15:55:08","modified_gmt":"2023-06-27T15:55:08","slug":"privacy-policy","status":"publish","type":"page","link":"https:\/\/www.hotelengirona.com\/en\/privacy-policy\/","title":{"rendered":"Privacy policy"},"content":{"rendered":"\t\t<div data-elementor-type=\"wp-page\" data-elementor-id=\"2434\" class=\"elementor elementor-2434 elementor-3\" data-elementor-post-type=\"page\">\n\t\t\t\t\t\t<section class=\"elementor-section elementor-top-section elementor-element elementor-element-4df449f0 elementor-section-boxed elementor-section-height-default elementor-section-height-default\" data-id=\"4df449f0\" data-element_type=\"section\" data-e-type=\"section\">\n\t\t\t\t\t\t\t<div class=\"elementor-background-overlay\"><\/div>\n\t\t\t\t\t\t\t<div class=\"elementor-container elementor-column-gap-default\">\n\t\t\t\t\t<div class=\"elementor-column elementor-col-100 elementor-top-column elementor-element elementor-element-647a8922\" data-id=\"647a8922\" data-element_type=\"column\" data-e-type=\"column\">\n\t\t\t<div class=\"elementor-widget-wrap elementor-element-populated\">\n\t\t\t\t\t\t<div class=\"elementor-element elementor-element-3ac986 elementor-invisible elementor-widget elementor-widget-heading\" data-id=\"3ac986\" data-element_type=\"widget\" data-e-type=\"widget\" data-settings=\"{&quot;_animation&quot;:&quot;fadeInUp&quot;}\" data-widget_type=\"heading.default\">\n\t\t\t\t<div class=\"elementor-widget-container\">\n\t\t\t\t\t<h2 class=\"elementor-heading-title elementor-size-default\">Hotel Palau de Girona<\/h2>\t\t\t\t<\/div>\n\t\t\t\t<\/div>\n\t\t\t\t\t<\/div>\n\t\t<\/div>\n\t\t\t\t\t<\/div>\n\t\t<\/section>\n\t\t\t\t<section class=\"elementor-section elementor-top-section elementor-element elementor-element-b3b92ed elementor-section-boxed elementor-section-height-default elementor-section-height-default\" data-id=\"b3b92ed\" data-element_type=\"section\" data-e-type=\"section\">\n\t\t\t\t\t\t<div class=\"elementor-container elementor-column-gap-default\">\n\t\t\t\t\t<div class=\"elementor-column elementor-col-100 elementor-top-column elementor-element elementor-element-c8f71ad\" data-id=\"c8f71ad\" data-element_type=\"column\" data-e-type=\"column\">\n\t\t\t<div class=\"elementor-widget-wrap elementor-element-populated\">\n\t\t\t\t\t\t<div class=\"elementor-element elementor-element-83d751f elementor-widget elementor-widget-text-editor\" data-id=\"83d751f\" data-element_type=\"widget\" data-e-type=\"widget\" data-widget_type=\"text-editor.default\">\n\t\t\t\t<div class=\"elementor-widget-container\">\n\t\t\t\t\t\t\t\t\t<p><strong>Protecci\u00f3n de Datos<\/strong><\/p>\n<p>Como consecuencia de la navegaci\u00f3n en la web y de la cumplimentaci\u00f3n de los formularios de la web, el usuario acepta que los datos personales por \u00e9l facilitados o que se faciliten en el futuro a trav\u00e9s de dicho servicio, sean objeto de tratamiento en ficheros de datos de car\u00e1cter personal del establecimiento, incluyendo la recopilaci\u00f3n de datos de acceso y la utilizaci\u00f3n de cookies y funciones proporcionadas por terceros.<\/p>\n<p><strong>Finalidad del tratamiento, base legal y destinatarios de la informaci\u00f3n<\/strong><\/p>\n<p>Los datos se utilizan para:<br \/>\u2022 Permitir el funcionamiento de la web<br \/>\u2022 Registrar y atender las solicitudes realizadas por los usuarios a trav\u00e9s de los formularios de la web<br \/>\u2022 La prestaci\u00f3n y administraci\u00f3n los servicios del hotel, la tramitaci\u00f3n de reservas y el cobro<br \/>\u2022 Elaborar anal\u00edticas web y estad\u00edsticas<br \/>\u2022 Incluir funciones proporcionadas por terceros (Google Maps, etc)<\/p>\n<p>Navegaci\u00f3n en la web y acceso a \u00e1reas para usuarios registrados<\/p>\n<p>\u2022 Finalidad: se tratan los datos necesarios para la provisi\u00f3n de los servicios en l\u00ednea, incluyendo el registro de direcciones IP, p\u00e1ginas visitadas y fecha de acceso, as\u00ed como informaci\u00f3n sobre el terminal del usuario. Los datos tambi\u00e9n se tratan para fines de seguridad y de mejora de la web.<br \/>\u2022 Legitimaci\u00f3n: el tratamiento de los datos es necesario para la provisi\u00f3n de los servicios en l\u00ednea; consentimiento, expresado a trav\u00e9s de la utilizaci\u00f3n de la web<br \/>\u2022 Destinatarios y transferencias: establecimiento, empresas de alojamiento web<\/p>\n<p>Utilizaci\u00f3n de los formularios de la web<\/p>\n<p>\u2022 Finalidad: atender las solicitudes realizadas a trav\u00e9s de los formularios web.<br \/>\u2022 Legitimaci\u00f3n: consentimiento expresado al utilizar y enviar el formulario.<br \/>\u2022 Destinatarios y transferencias: establecimiento y empresas involucradas en prestar los servicios solicitados<\/p>\n<p>Prestaci\u00f3n de servicios<\/p>\n<p>\u2022 Finalidad: prestar los servicios incluyendo gesti\u00f3n de reservas hoteleras y pago. Enviar informaci\u00f3n sobre los servicios del establecimiento por medios electr\u00f3nicos. Encuestas de calidad.<br \/>\u2022 Legitimaci\u00f3n: ejecuci\u00f3n del contrato o prestaci\u00f3n del servicio.<br \/>\u2022 Destinatarios y transferencias: establecimiento y empresas involucradas en prestar los servicios solicitados<\/p>\n<p>Anal\u00edticas Web<\/p>\n<p>\u2022 Finalidad: conocer la manera en que la web es buscada, accedida y utilizada por el p\u00fablico. Pueden implicar la recopilaci\u00f3n de datos de car\u00e1cter personal como por ejemplo la direcci\u00f3n IP, la localizaci\u00f3n de la conexi\u00f3n, la informaci\u00f3n sobre el software o hardware de navegaci\u00f3n, etc.<br \/>\u2022 Legitimaci\u00f3n: consentimiento, expresado a trav\u00e9s de la utilizaci\u00f3n de la web<br \/>\u2022 Destinatarios y transferencias: establecimiento<\/p>\n<p>Funciones proporcionadas terceros<\/p>\n<p>\u2022 Finalidad: incorporar funciones proporcionados por terceros, como mapas, anal\u00edticas, botones sociales, widget de chat Zendesk, etc<br \/>\u2022 Legitimaci\u00f3n: consentimiento, expresado a trav\u00e9s de la utilizaci\u00f3n de la web<br \/>\u2022 Destinatarios y transferencias: Las funciones de terceros establecen una conexi\u00f3n directa entre el navegador del usuario y los dominios de Internet de los terceros, permitiendo la descarga y ejecuci\u00f3n de la funci\u00f3n, inclusive desde p\u00e1ginas fuera del Espacio Econ\u00f3mico Europeo.<\/p>\n<p>Esta web integra funciones de Google Inc, como Google Analytics y Google Maps. Al utilizar esta web el usuario autoriza el tratamiento de sus datos por Google conforme lo establecido en su pol\u00edtica de privacidad: https:\/\/policies.google.com\/privacy<\/p>\n<p><strong>Veracidad de los datos<\/strong><\/p>\n<p>El usuario debe rellenar los formularios con datos verdaderos, exactos, completos y actuales. El usuario no introducir\u00e1 datos correspondientes a otra persona; se presumir\u00e1 que los datos han sido facilitados por el titular de los mismos. El usuario ser\u00e1 el \u00fanico responsable de cualquier da\u00f1o o perjuicio, directo o indirecto que pudiera ocasionar a cualquier persona a causa de la cumplimentaci\u00f3n del formulario con datos relativos a otra persona.<\/p>\n<p><strong>Derechos de acceso, rectificaci\u00f3n, supresi\u00f3n, oposici\u00f3n y otros<\/strong><\/p>\n<p>El titular de los datos tiene en todo momento el derecho de acceder, rectificar, y suprimir los datos que lo conciernen, as\u00ed como oponerse al tratamiento de sus datos, en los t\u00e9rminos recogidos en la legislaci\u00f3n de protecci\u00f3n de datos. Tambi\u00e9n tiene derecho a solicitar: la portabilidad de sus datos, la revocaci\u00f3n del consentimiento prestado en su caso y la limitaci\u00f3n del tratamiento.<br \/>El titular de los datos puede ejercer estos derechos mediante escrito dirigido por correo postal al establecimiento.<br \/>El solicitante debe incluir esta comunicaci\u00f3n solicitud firmada indicando la actuaci\u00f3n que se solicita y fotocopia del DNI o pasaporte.<br \/>El titular de los datos tambi\u00e9n puede oponerse a la recepci\u00f3n de e-mails comerciales, para ello bastar\u00e1 que lo solicite mediante un correo electr\u00f3nico remitido desde la direcci\u00f3n que desea dar de baja y dirigido al establecimiento.<br \/>El titular de los datos, si considera que el tratamiento de sus datos infringe la legislaci\u00f3n de protecci\u00f3n de datos, puede realizar una queja ante las autoridades de control de protecci\u00f3n de datos.<\/p>\n<p><strong>Menores de edad<\/strong><\/p>\n<p>Se proh\u00edbe la utilizaci\u00f3n de los servicios web a personas menores de 18 a\u00f1os.<\/p>\n<p><strong>Seguridad de los datos<\/strong><\/p>\n<p>Esta web tiene una de las tecnolog\u00edas m\u00e1s seguras en cuanto a la protecci\u00f3n de datos de su tarjeta de cr\u00e9dito se refiere. Asimismo, cumple todas las normas internacionales que legislan la materia. Todos los apartados donde solicitamos informaci\u00f3n sensible utilizan el protocolo de comunicaci\u00f3n SSL. Esto quiere decir que la informaci\u00f3n que viaja a trav\u00e9s de Internet desde su ordenador hasta nuestro servidor lo hace codificada, haci\u00e9ndolos indescifrables a cualquier persona ajena. Esta tecnolog\u00eda asegura y garantiza, que sus datos no podr\u00e1n ser interceptados, manipulados o suplantados, de ninguna manera. De esta forma el pago a trav\u00e9s de Internet es hoy en d\u00eda tan seguro como la compra directa.<\/p>\n<p><strong>\u00bfQu\u00e9 significa SSL?<\/strong><\/p>\n<p>El SSL (Secure Socket Layer) es una tecnolog\u00eda est\u00e1ndar de seguridad en Internet. Aplica un sistema de encriptaci\u00f3n (codificaci\u00f3n) que proporciona la m\u00e1xima confidencialidad de los datos que nos transmiten. As\u00ed se impide la entrada il\u00edcita o intercepci\u00f3n en un sistema mientras los datos circulan por Internet. Para mayor seguridad, estos datos se almacenan en un servidor seguro protegido por un \u201cfirewall\u201d en continua vigilancia.<\/p>\n\t\t\t\t\t\t\t\t<\/div>\n\t\t\t\t<\/div>\n\t\t\t\t\t<\/div>\n\t\t<\/div>\n\t\t\t\t\t<\/div>\n\t\t<\/section>\n\t\t\t\t<\/div>\n\t\t","protected":false},"excerpt":{"rendered":"<p>Hotel Palau de Girona Protecci\u00f3n de Datos Como consecuencia de la navegaci\u00f3n en la web y de la cumplimentaci\u00f3n de los formularios de la web, el usuario acepta que los datos personales por \u00e9l facilitados o que se faciliten en [&hellip;]<\/p>\n","protected":false},"author":1,"featured_media":0,"parent":0,"menu_order":0,"comment_status":"closed","ping_status":"closed","template":"elementor_theme","meta":{"footnotes":""},"class_list":["post-2434","page","type-page","status-publish","hentry"],"yoast_head":"<!-- This site is optimized with the Yoast SEO plugin v27.2 - https:\/\/yoast.com\/product\/yoast-seo-wordpress\/ -->\n<title>Privacy policy - Hotel Palau de Girona<\/title>\n<meta name=\"robots\" content=\"noindex, nofollow\" \/>\n<meta property=\"og:locale\" content=\"en_US\" \/>\n<meta property=\"og:type\" content=\"article\" \/>\n<meta property=\"og:title\" content=\"Privacy policy - Hotel Palau de Girona\" \/>\n<meta property=\"og:description\" content=\"Hotel Palau de Girona Protecci\u00f3n de Datos Como consecuencia de la navegaci\u00f3n en la web y de la cumplimentaci\u00f3n de los formularios de la web, el usuario acepta que los datos personales por \u00e9l facilitados o que se faciliten en [&hellip;]\" \/>\n<meta property=\"og:url\" content=\"https:\/\/www.hotelengirona.com\/politica-de-privacidad\/\" \/>\n<meta property=\"og:site_name\" content=\"Hotel Palau de Girona\" \/>\n<meta name=\"twitter:card\" content=\"summary_large_image\" \/>\n<meta name=\"twitter:label1\" content=\"Est. reading time\" \/>\n\t<meta name=\"twitter:data1\" content=\"5 minutes\" \/>\n<script type=\"application\/ld+json\" class=\"yoast-schema-graph\">{\"@context\":\"https:\/\/schema.org\",\"@graph\":[{\"@type\":\"WebPage\",\"@id\":\"https:\/\/www.hotelengirona.com\/politica-de-privacidad\/\",\"url\":\"https:\/\/www.hotelengirona.com\/politica-de-privacidad\/\",\"name\":\"Privacy policy - Hotel Palau de Girona\",\"isPartOf\":{\"@id\":\"https:\/\/www.hotelengirona.com\/#website\"},\"datePublished\":\"2023-06-27T15:55:08+00:00\",\"breadcrumb\":{\"@id\":\"https:\/\/www.hotelengirona.com\/politica-de-privacidad\/#breadcrumb\"},\"inLanguage\":\"en-US\",\"potentialAction\":[{\"@type\":\"ReadAction\",\"target\":[\"https:\/\/www.hotelengirona.com\/politica-de-privacidad\/\"]}]},{\"@type\":\"BreadcrumbList\",\"@id\":\"https:\/\/www.hotelengirona.com\/politica-de-privacidad\/#breadcrumb\",\"itemListElement\":[{\"@type\":\"ListItem\",\"position\":1,\"name\":\"Portada\",\"item\":\"https:\/\/www.hotelengirona.com\/\"},{\"@type\":\"ListItem\",\"position\":2,\"name\":\"Privacy policy\"}]},{\"@type\":\"WebSite\",\"@id\":\"https:\/\/www.hotelengirona.com\/#website\",\"url\":\"https:\/\/www.hotelengirona.com\/\",\"name\":\"Hotel Palau de Girona\",\"description\":\"Sant Juli\u00e0 de Ramis, Girona\",\"publisher\":{\"@id\":\"https:\/\/www.hotelengirona.com\/#organization\"},\"potentialAction\":[{\"@type\":\"SearchAction\",\"target\":{\"@type\":\"EntryPoint\",\"urlTemplate\":\"https:\/\/www.hotelengirona.com\/?s={search_term_string}\"},\"query-input\":{\"@type\":\"PropertyValueSpecification\",\"valueRequired\":true,\"valueName\":\"search_term_string\"}}],\"inLanguage\":\"en-US\"},{\"@type\":\"Organization\",\"@id\":\"https:\/\/www.hotelengirona.com\/#organization\",\"name\":\"Hotel Palau de Girona\",\"url\":\"https:\/\/www.hotelengirona.com\/\",\"logo\":{\"@type\":\"ImageObject\",\"inLanguage\":\"en-US\",\"@id\":\"https:\/\/www.hotelengirona.com\/#\/schema\/logo\/image\/\",\"url\":\"https:\/\/www.hotelengirona.com\/wp-content\/uploads\/2019\/06\/logohpg.png\",\"contentUrl\":\"https:\/\/www.hotelengirona.com\/wp-content\/uploads\/2019\/06\/logohpg.png\",\"width\":11811,\"height\":9364,\"caption\":\"Hotel Palau de Girona\"},\"image\":{\"@id\":\"https:\/\/www.hotelengirona.com\/#\/schema\/logo\/image\/\"}}]}<\/script>\n<!-- \/ Yoast SEO plugin. -->","yoast_head_json":{"title":"Privacy policy - Hotel Palau de Girona","robots":{"index":"noindex","follow":"nofollow"},"og_locale":"en_US","og_type":"article","og_title":"Privacy policy - Hotel Palau de Girona","og_description":"Hotel Palau de Girona Protecci\u00f3n de Datos Como consecuencia de la navegaci\u00f3n en la web y de la cumplimentaci\u00f3n de los formularios de la web, el usuario acepta que los datos personales por \u00e9l facilitados o que se faciliten en [&hellip;]","og_url":"https:\/\/www.hotelengirona.com\/politica-de-privacidad\/","og_site_name":"Hotel Palau de Girona","twitter_card":"summary_large_image","twitter_misc":{"Est. reading time":"5 minutes"},"schema":{"@context":"https:\/\/schema.org","@graph":[{"@type":"WebPage","@id":"https:\/\/www.hotelengirona.com\/politica-de-privacidad\/","url":"https:\/\/www.hotelengirona.com\/politica-de-privacidad\/","name":"Privacy policy - Hotel Palau de Girona","isPartOf":{"@id":"https:\/\/www.hotelengirona.com\/#website"},"datePublished":"2023-06-27T15:55:08+00:00","breadcrumb":{"@id":"https:\/\/www.hotelengirona.com\/politica-de-privacidad\/#breadcrumb"},"inLanguage":"en-US","potentialAction":[{"@type":"ReadAction","target":["https:\/\/www.hotelengirona.com\/politica-de-privacidad\/"]}]},{"@type":"BreadcrumbList","@id":"https:\/\/www.hotelengirona.com\/politica-de-privacidad\/#breadcrumb","itemListElement":[{"@type":"ListItem","position":1,"name":"Portada","item":"https:\/\/www.hotelengirona.com\/"},{"@type":"ListItem","position":2,"name":"Privacy policy"}]},{"@type":"WebSite","@id":"https:\/\/www.hotelengirona.com\/#website","url":"https:\/\/www.hotelengirona.com\/","name":"Hotel Palau de Girona","description":"Sant Juli\u00e0 de Ramis, Girona","publisher":{"@id":"https:\/\/www.hotelengirona.com\/#organization"},"potentialAction":[{"@type":"SearchAction","target":{"@type":"EntryPoint","urlTemplate":"https:\/\/www.hotelengirona.com\/?s={search_term_string}"},"query-input":{"@type":"PropertyValueSpecification","valueRequired":true,"valueName":"search_term_string"}}],"inLanguage":"en-US"},{"@type":"Organization","@id":"https:\/\/www.hotelengirona.com\/#organization","name":"Hotel Palau de Girona","url":"https:\/\/www.hotelengirona.com\/","logo":{"@type":"ImageObject","inLanguage":"en-US","@id":"https:\/\/www.hotelengirona.com\/#\/schema\/logo\/image\/","url":"https:\/\/www.hotelengirona.com\/wp-content\/uploads\/2019\/06\/logohpg.png","contentUrl":"https:\/\/www.hotelengirona.com\/wp-content\/uploads\/2019\/06\/logohpg.png","width":11811,"height":9364,"caption":"Hotel Palau de Girona"},"image":{"@id":"https:\/\/www.hotelengirona.com\/#\/schema\/logo\/image\/"}}]}},"_links":{"self":[{"href":"https:\/\/www.hotelengirona.com\/en\/wp-json\/wp\/v2\/pages\/2434","targetHints":{"allow":["GET"]}}],"collection":[{"href":"https:\/\/www.hotelengirona.com\/en\/wp-json\/wp\/v2\/pages"}],"about":[{"href":"https:\/\/www.hotelengirona.com\/en\/wp-json\/wp\/v2\/types\/page"}],"author":[{"embeddable":true,"href":"https:\/\/www.hotelengirona.com\/en\/wp-json\/wp\/v2\/users\/1"}],"replies":[{"embeddable":true,"href":"https:\/\/www.hotelengirona.com\/en\/wp-json\/wp\/v2\/comments?post=2434"}],"version-history":[{"count":1,"href":"https:\/\/www.hotelengirona.com\/en\/wp-json\/wp\/v2\/pages\/2434\/revisions"}],"predecessor-version":[{"id":2435,"href":"https:\/\/www.hotelengirona.com\/en\/wp-json\/wp\/v2\/pages\/2434\/revisions\/2435"}],"wp:attachment":[{"href":"https:\/\/www.hotelengirona.com\/en\/wp-json\/wp\/v2\/media?parent=2434"}],"curies":[{"name":"wp","href":"https:\/\/api.w.org\/{rel}","templated":true}]}}