{"id":1635,"date":"2021-02-25T19:16:29","date_gmt":"2021-02-25T19:16:29","guid":{"rendered":"https:\/\/www.hotelengirona.com\/reserva-ara\/"},"modified":"2026-01-11T00:26:02","modified_gmt":"2026-01-11T00:26:02","slug":"reserva-ara","status":"publish","type":"page","link":"https:\/\/www.hotelengirona.com\/ca\/reserva-ara\/","title":{"rendered":"Contacte"},"content":{"rendered":"\t\t<div data-elementor-type=\"wp-post\" data-elementor-id=\"1635\" class=\"elementor elementor-1635 elementor-741\" data-elementor-post-type=\"page\">\n\t\t\t\t\t\t<section class=\"elementor-section elementor-top-section elementor-element elementor-element-08d989b elementor-section-full_width elementor-section-height-min-height elementor-section-stretched elementor-section-height-default elementor-section-items-middle\" data-id=\"08d989b\" data-element_type=\"section\" data-e-type=\"section\" data-settings=\"{&quot;stretch_section&quot;:&quot;section-stretched&quot;,&quot;background_background&quot;:&quot;video&quot;,&quot;background_video_link&quot;:&quot;https:\\\/\\\/www.youtube.com\\\/watch?v=s-SRAxfRdyE&quot;,&quot;background_video_start&quot;:116,&quot;background_video_end&quot;:128}\">\n\t\t\t\t\t\t\t\t<div class=\"elementor-background-video-container elementor-hidden-mobile\">\n\t\t\t\t\t\t\t\t\t\t\t\t\t<div class=\"elementor-background-video-embed\" role=\"presentation\"><\/div>\n\t\t\t\t\t\t\t\t\t\t\t\t<\/div>\n\t\t\t\t\t\t\t\t\t<div class=\"elementor-background-overlay\"><\/div>\n\t\t\t\t\t\t\t<div class=\"elementor-container elementor-column-gap-no\">\n\t\t\t\t\t<div class=\"elementor-column elementor-col-100 elementor-top-column elementor-element elementor-element-7c815ca\" data-id=\"7c815ca\" data-element_type=\"column\" data-e-type=\"column\">\n\t\t\t<div class=\"elementor-widget-wrap elementor-element-populated\">\n\t\t\t\t\t\t<div class=\"elementor-element elementor-element-c8a8b37 elementor-widget-mobile__width-initial elementor-widget elementor-widget-heading\" data-id=\"c8a8b37\" data-element_type=\"widget\" data-e-type=\"widget\" data-widget_type=\"heading.default\">\n\t\t\t\t<div class=\"elementor-widget-container\">\n\t\t\t\t\t<h2 class=\"elementor-heading-title elementor-size-default\">Contacte<\/h2>\t\t\t\t<\/div>\n\t\t\t\t<\/div>\n\t\t\t\t\t<\/div>\n\t\t<\/div>\n\t\t\t\t\t<\/div>\n\t\t<\/section>\n\t\t\t\t<section class=\"elementor-section elementor-top-section elementor-element elementor-element-03324c6 elementor-section-boxed elementor-section-height-default elementor-section-height-default\" data-id=\"03324c6\" data-element_type=\"section\" data-e-type=\"section\">\n\t\t\t\t\t\t<div class=\"elementor-container elementor-column-gap-default\">\n\t\t\t\t\t<div class=\"elementor-column elementor-col-100 elementor-top-column elementor-element elementor-element-65c8783\" data-id=\"65c8783\" data-element_type=\"column\" data-e-type=\"column\">\n\t\t\t<div class=\"elementor-widget-wrap elementor-element-populated\">\n\t\t\t\t\t\t<div class=\"elementor-element elementor-element-f5f9c3e elementor-invisible elementor-widget elementor-widget-text-editor\" data-id=\"f5f9c3e\" data-element_type=\"widget\" data-e-type=\"widget\" data-settings=\"{&quot;_animation&quot;:&quot;fadeInUp&quot;,&quot;_animation_delay&quot;:200}\" data-widget_type=\"text-editor.default\">\n\t\t\t\t<div class=\"elementor-widget-container\">\n\t\t\t\t\t\t\t\t\t<div class=\"tpl-text3 \">\n<article>\n<section class=\"text\">Contacta amb nosaltres i el nostre equip es posar\u00e0 en contacte amb tu el m\u00e9s aviat possible.<\/p>\n<p>Estem aqu\u00ed per assegurar-te una estada perfecta!<\/p>\n<\/section>\n<\/article>\n<\/div>\n\t\t\t\t\t\t\t\t<\/div>\n\t\t\t\t<\/div>\n\t\t\t\t\t<\/div>\n\t\t<\/div>\n\t\t\t\t\t<\/div>\n\t\t<\/section>\n\t\t\t\t<section class=\"elementor-section elementor-top-section elementor-element elementor-element-8e62c20 elementor-section-boxed elementor-section-height-default elementor-section-height-default\" data-id=\"8e62c20\" data-element_type=\"section\" data-e-type=\"section\">\n\t\t\t\t\t\t<div class=\"elementor-container elementor-column-gap-default\">\n\t\t\t\t\t<div class=\"elementor-column elementor-col-100 elementor-top-column elementor-element elementor-element-ffaeeec\" data-id=\"ffaeeec\" data-element_type=\"column\" data-e-type=\"column\">\n\t\t\t<div class=\"elementor-widget-wrap elementor-element-populated\">\n\t\t\t\t\t\t<div class=\"elementor-element elementor-element-f45215d elementor-button-align-stretch elementor-widget elementor-widget-form\" data-id=\"f45215d\" data-element_type=\"widget\" data-e-type=\"widget\" data-settings=\"{&quot;step_next_label&quot;:&quot;Next&quot;,&quot;step_previous_label&quot;:&quot;Previous&quot;,&quot;button_width&quot;:&quot;100&quot;,&quot;step_type&quot;:&quot;number_text&quot;,&quot;step_icon_shape&quot;:&quot;circle&quot;}\" data-widget_type=\"form.default\">\n\t\t\t\t<div class=\"elementor-widget-container\">\n\t\t\t\t\t\t\t<form class=\"elementor-form\" method=\"post\" id=\"formulario_reserva\" name=\"New Form\" aria-label=\"New Form\">\n\t\t\t<input type=\"hidden\" name=\"post_id\" value=\"1635\"\/>\n\t\t\t<input type=\"hidden\" name=\"form_id\" value=\"f45215d\"\/>\n\t\t\t<input type=\"hidden\" name=\"referer_title\" value=\"Contacte - Hotel Palau de Girona**** - Hotel amb parking a Girona\" \/>\n\n\t\t\t\t\t\t\t<input type=\"hidden\" name=\"queried_id\" value=\"1635\"\/>\n\t\t\t\n\t\t\t<div class=\"elementor-form-fields-wrapper elementor-labels-above\">\n\t\t\t\t\t\t\t\t<div class=\"elementor-field-type-text elementor-field-group elementor-column elementor-field-group-nombre elementor-col-100 elementor-field-required elementor-mark-required\">\n\t\t\t\t\t\t\t\t\t\t\t\t<label for=\"form-field-nombre\" class=\"elementor-field-label\">\n\t\t\t\t\t\t\t\tNom\t\t\t\t\t\t\t<\/label>\n\t\t\t\t\t\t\t\t\t\t\t\t\t\t<input size=\"1\" type=\"text\" name=\"form_fields[nombre]\" id=\"form-field-nombre\" class=\"elementor-field elementor-size-sm  elementor-field-textual\" placeholder=\"Nom\" required=\"required\">\n\t\t\t\t\t\t\t\t\t\t\t<\/div>\n\t\t\t\t\t\t\t\t<div class=\"elementor-field-type-email elementor-field-group elementor-column elementor-field-group-email elementor-col-50 elementor-field-required elementor-mark-required\">\n\t\t\t\t\t\t\t\t\t\t\t\t<label for=\"form-field-email\" class=\"elementor-field-label\">\n\t\t\t\t\t\t\t\tEmail\t\t\t\t\t\t\t<\/label>\n\t\t\t\t\t\t\t\t\t\t\t\t\t\t<input size=\"1\" type=\"email\" name=\"form_fields[email]\" id=\"form-field-email\" class=\"elementor-field elementor-size-sm  elementor-field-textual\" placeholder=\"Email\" required=\"required\">\n\t\t\t\t\t\t\t\t\t\t\t<\/div>\n\t\t\t\t\t\t\t\t<div class=\"elementor-field-type-tel elementor-field-group elementor-column elementor-field-group-telf elementor-col-50 elementor-field-required elementor-mark-required\">\n\t\t\t\t\t\t\t\t\t\t\t\t<label for=\"form-field-telf\" class=\"elementor-field-label\">\n\t\t\t\t\t\t\t\tTel\u00e8fon\t\t\t\t\t\t\t<\/label>\n\t\t\t\t\t\t\t\t<input size=\"1\" type=\"tel\" name=\"form_fields[telf]\" id=\"form-field-telf\" class=\"elementor-field elementor-size-sm  elementor-field-textual\" placeholder=\"Tel\u00e8fon\" required=\"required\" pattern=\"[0-9()#&amp;+*-=.]+\" title=\"Only numbers and phone characters (#, -, *, etc) are accepted.\">\n\n\t\t\t\t\t\t<\/div>\n\t\t\t\t\t\t\t\t<div class=\"elementor-field-type-textarea elementor-field-group elementor-column elementor-field-group-field_c5d6507 elementor-col-100 elementor-field-required elementor-mark-required\">\n\t\t\t\t\t\t\t\t\t\t\t\t<label for=\"form-field-field_c5d6507\" class=\"elementor-field-label\">\n\t\t\t\t\t\t\t\tMissatge\t\t\t\t\t\t\t<\/label>\n\t\t\t\t\t\t<textarea class=\"elementor-field-textual elementor-field  elementor-size-sm\" name=\"form_fields[field_c5d6507]\" id=\"form-field-field_c5d6507\" rows=\"3\" placeholder=\"Escriu aqu\u00ed el teu missatge\" required=\"required\"><\/textarea>\t\t\t\t<\/div>\n\t\t\t\t\t\t\t\t<div class=\"elementor-field-group elementor-column elementor-field-type-submit elementor-col-100 e-form__buttons\">\n\t\t\t\t\t<button class=\"elementor-button elementor-size-sm\" type=\"submit\">\n\t\t\t\t\t\t<span class=\"elementor-button-content-wrapper\">\n\t\t\t\t\t\t\t\t\t\t\t\t\t\t\t\t\t\t\t\t\t\t<span class=\"elementor-button-text\">Enviar<\/span>\n\t\t\t\t\t\t\t\t\t\t\t\t\t<\/span>\n\t\t\t\t\t<\/button>\n\t\t\t\t<\/div>\n\t\t\t<\/div>\n\t\t<\/form>\n\t\t\t\t\t\t<\/div>\n\t\t\t\t<\/div>\n\t\t\t\t\t<\/div>\n\t\t<\/div>\n\t\t\t\t\t<\/div>\n\t\t<\/section>\n\t\t\t\t<\/div>\n\t\t","protected":false},"excerpt":{"rendered":"<p>Contacte Contacta amb nosaltres i el nostre equip es posar\u00e0 en contacte amb tu el m\u00e9s aviat possible. Estem aqu\u00ed per assegurar-te una estada perfecta!<\/p>\n","protected":false},"author":1,"featured_media":1834,"parent":0,"menu_order":0,"comment_status":"closed","ping_status":"closed","template":"elementor_theme","meta":{"footnotes":""},"class_list":["post-1635","page","type-page","status-publish","has-post-thumbnail","hentry"],"yoast_head":"<!-- This site is optimized with the Yoast SEO plugin v27.2 - https:\/\/yoast.com\/product\/yoast-seo-wordpress\/ -->\n<title>Contacte - Hotel Palau de Girona**** - Hotel amb parking a Girona<\/title>\n<meta name=\"description\" content=\"Reserva ara a l&#039;Hotel Palau de Girona i passa una estada agradable. A m\u00e9s en reservar en la nostra web, obtindr\u00e0s descomptes garantits.\" \/>\n<meta name=\"robots\" content=\"index, follow, max-snippet:-1, max-image-preview:large, max-video-preview:-1\" \/>\n<link rel=\"canonical\" href=\"https:\/\/www.hotelengirona.com\/contacto\/\" \/>\n<meta property=\"og:locale\" content=\"ca_ES\" \/>\n<meta property=\"og:type\" content=\"article\" \/>\n<meta property=\"og:title\" content=\"Contacte - Hotel Palau de Girona**** - Hotel amb parking a Girona\" \/>\n<meta property=\"og:description\" content=\"Reserva ara a l&#039;Hotel Palau de Girona i passa una estada agradable. A m\u00e9s en reservar en la nostra web, obtindr\u00e0s descomptes garantits.\" \/>\n<meta property=\"og:url\" content=\"https:\/\/www.hotelengirona.com\/contacto\/\" \/>\n<meta property=\"og:site_name\" content=\"Hotel Palau de Girona\" \/>\n<meta property=\"article:modified_time\" content=\"2026-01-11T00:26:02+00:00\" \/>\n<meta property=\"og:image\" content=\"https:\/\/www.hotelengirona.com\/wp-content\/uploads\/2019\/06\/logohpg.png\" \/>\n\t<meta property=\"og:image:width\" content=\"11811\" \/>\n\t<meta property=\"og:image:height\" content=\"9364\" \/>\n\t<meta property=\"og:image:type\" content=\"image\/png\" \/>\n<meta name=\"twitter:card\" content=\"summary_large_image\" \/>\n<meta name=\"twitter:label1\" content=\"Temps estimat de lectura\" \/>\n\t<meta name=\"twitter:data1\" content=\"1 minut\" \/>\n<script type=\"application\/ld+json\" class=\"yoast-schema-graph\">{\"@context\":\"https:\/\/schema.org\",\"@graph\":[{\"@type\":\"WebPage\",\"@id\":\"https:\/\/www.hotelengirona.com\/contacto\/\",\"url\":\"https:\/\/www.hotelengirona.com\/contacto\/\",\"name\":\"Contacte - Hotel Palau de Girona**** - Hotel amb parking a Girona\",\"isPartOf\":{\"@id\":\"https:\/\/www.hotelengirona.com\/#website\"},\"primaryImageOfPage\":{\"@id\":\"https:\/\/www.hotelengirona.com\/contacto\/#primaryimage\"},\"image\":{\"@id\":\"https:\/\/www.hotelengirona.com\/contacto\/#primaryimage\"},\"thumbnailUrl\":\"https:\/\/www.hotelengirona.com\/wp-content\/uploads\/2019\/06\/logohpg.png\",\"datePublished\":\"2021-02-25T19:16:29+00:00\",\"dateModified\":\"2026-01-11T00:26:02+00:00\",\"description\":\"Reserva ara a l'Hotel Palau de Girona i passa una estada agradable. A m\u00e9s en reservar en la nostra web, obtindr\u00e0s descomptes garantits.\",\"breadcrumb\":{\"@id\":\"https:\/\/www.hotelengirona.com\/contacto\/#breadcrumb\"},\"inLanguage\":\"ca\",\"potentialAction\":[{\"@type\":\"ReadAction\",\"target\":[\"https:\/\/www.hotelengirona.com\/contacto\/\"]}]},{\"@type\":\"ImageObject\",\"inLanguage\":\"ca\",\"@id\":\"https:\/\/www.hotelengirona.com\/contacto\/#primaryimage\",\"url\":\"https:\/\/www.hotelengirona.com\/wp-content\/uploads\/2019\/06\/logohpg.png\",\"contentUrl\":\"https:\/\/www.hotelengirona.com\/wp-content\/uploads\/2019\/06\/logohpg.png\",\"width\":11811,\"height\":9364},{\"@type\":\"BreadcrumbList\",\"@id\":\"https:\/\/www.hotelengirona.com\/contacto\/#breadcrumb\",\"itemListElement\":[{\"@type\":\"ListItem\",\"position\":1,\"name\":\"Portada\",\"item\":\"https:\/\/www.hotelengirona.com\/\"},{\"@type\":\"ListItem\",\"position\":2,\"name\":\"Contacte\"}]},{\"@type\":\"WebSite\",\"@id\":\"https:\/\/www.hotelengirona.com\/#website\",\"url\":\"https:\/\/www.hotelengirona.com\/\",\"name\":\"Hotel Palau de Girona\",\"description\":\"Sant Juli\u00e0 de Ramis, Girona\",\"publisher\":{\"@id\":\"https:\/\/www.hotelengirona.com\/#organization\"},\"potentialAction\":[{\"@type\":\"SearchAction\",\"target\":{\"@type\":\"EntryPoint\",\"urlTemplate\":\"https:\/\/www.hotelengirona.com\/?s={search_term_string}\"},\"query-input\":{\"@type\":\"PropertyValueSpecification\",\"valueRequired\":true,\"valueName\":\"search_term_string\"}}],\"inLanguage\":\"ca\"},{\"@type\":\"Organization\",\"@id\":\"https:\/\/www.hotelengirona.com\/#organization\",\"name\":\"Hotel Palau de Girona\",\"url\":\"https:\/\/www.hotelengirona.com\/\",\"logo\":{\"@type\":\"ImageObject\",\"inLanguage\":\"ca\",\"@id\":\"https:\/\/www.hotelengirona.com\/#\/schema\/logo\/image\/\",\"url\":\"https:\/\/www.hotelengirona.com\/wp-content\/uploads\/2019\/06\/logohpg.png\",\"contentUrl\":\"https:\/\/www.hotelengirona.com\/wp-content\/uploads\/2019\/06\/logohpg.png\",\"width\":11811,\"height\":9364,\"caption\":\"Hotel Palau de Girona\"},\"image\":{\"@id\":\"https:\/\/www.hotelengirona.com\/#\/schema\/logo\/image\/\"}}]}<\/script>\n<!-- \/ Yoast SEO plugin. -->","yoast_head_json":{"title":"Contacte - Hotel Palau de Girona**** - Hotel amb parking a Girona","description":"Reserva ara a l'Hotel Palau de Girona i passa una estada agradable. A m\u00e9s en reservar en la nostra web, obtindr\u00e0s descomptes garantits.","robots":{"index":"index","follow":"follow","max-snippet":"max-snippet:-1","max-image-preview":"max-image-preview:large","max-video-preview":"max-video-preview:-1"},"canonical":"https:\/\/www.hotelengirona.com\/contacto\/","og_locale":"ca_ES","og_type":"article","og_title":"Contacte - Hotel Palau de Girona**** - Hotel amb parking a Girona","og_description":"Reserva ara a l'Hotel Palau de Girona i passa una estada agradable. A m\u00e9s en reservar en la nostra web, obtindr\u00e0s descomptes garantits.","og_url":"https:\/\/www.hotelengirona.com\/contacto\/","og_site_name":"Hotel Palau de Girona","article_modified_time":"2026-01-11T00:26:02+00:00","og_image":[{"width":11811,"height":9364,"url":"https:\/\/www.hotelengirona.com\/wp-content\/uploads\/2019\/06\/logohpg.png","type":"image\/png"}],"twitter_card":"summary_large_image","twitter_misc":{"Temps estimat de lectura":"1 minut"},"schema":{"@context":"https:\/\/schema.org","@graph":[{"@type":"WebPage","@id":"https:\/\/www.hotelengirona.com\/contacto\/","url":"https:\/\/www.hotelengirona.com\/contacto\/","name":"Contacte - Hotel Palau de Girona**** - Hotel amb parking a Girona","isPartOf":{"@id":"https:\/\/www.hotelengirona.com\/#website"},"primaryImageOfPage":{"@id":"https:\/\/www.hotelengirona.com\/contacto\/#primaryimage"},"image":{"@id":"https:\/\/www.hotelengirona.com\/contacto\/#primaryimage"},"thumbnailUrl":"https:\/\/www.hotelengirona.com\/wp-content\/uploads\/2019\/06\/logohpg.png","datePublished":"2021-02-25T19:16:29+00:00","dateModified":"2026-01-11T00:26:02+00:00","description":"Reserva ara a l'Hotel Palau de Girona i passa una estada agradable. A m\u00e9s en reservar en la nostra web, obtindr\u00e0s descomptes garantits.","breadcrumb":{"@id":"https:\/\/www.hotelengirona.com\/contacto\/#breadcrumb"},"inLanguage":"ca","potentialAction":[{"@type":"ReadAction","target":["https:\/\/www.hotelengirona.com\/contacto\/"]}]},{"@type":"ImageObject","inLanguage":"ca","@id":"https:\/\/www.hotelengirona.com\/contacto\/#primaryimage","url":"https:\/\/www.hotelengirona.com\/wp-content\/uploads\/2019\/06\/logohpg.png","contentUrl":"https:\/\/www.hotelengirona.com\/wp-content\/uploads\/2019\/06\/logohpg.png","width":11811,"height":9364},{"@type":"BreadcrumbList","@id":"https:\/\/www.hotelengirona.com\/contacto\/#breadcrumb","itemListElement":[{"@type":"ListItem","position":1,"name":"Portada","item":"https:\/\/www.hotelengirona.com\/"},{"@type":"ListItem","position":2,"name":"Contacte"}]},{"@type":"WebSite","@id":"https:\/\/www.hotelengirona.com\/#website","url":"https:\/\/www.hotelengirona.com\/","name":"Hotel Palau de Girona","description":"Sant Juli\u00e0 de Ramis, Girona","publisher":{"@id":"https:\/\/www.hotelengirona.com\/#organization"},"potentialAction":[{"@type":"SearchAction","target":{"@type":"EntryPoint","urlTemplate":"https:\/\/www.hotelengirona.com\/?s={search_term_string}"},"query-input":{"@type":"PropertyValueSpecification","valueRequired":true,"valueName":"search_term_string"}}],"inLanguage":"ca"},{"@type":"Organization","@id":"https:\/\/www.hotelengirona.com\/#organization","name":"Hotel Palau de Girona","url":"https:\/\/www.hotelengirona.com\/","logo":{"@type":"ImageObject","inLanguage":"ca","@id":"https:\/\/www.hotelengirona.com\/#\/schema\/logo\/image\/","url":"https:\/\/www.hotelengirona.com\/wp-content\/uploads\/2019\/06\/logohpg.png","contentUrl":"https:\/\/www.hotelengirona.com\/wp-content\/uploads\/2019\/06\/logohpg.png","width":11811,"height":9364,"caption":"Hotel Palau de Girona"},"image":{"@id":"https:\/\/www.hotelengirona.com\/#\/schema\/logo\/image\/"}}]}},"_links":{"self":[{"href":"https:\/\/www.hotelengirona.com\/ca\/wp-json\/wp\/v2\/pages\/1635","targetHints":{"allow":["GET"]}}],"collection":[{"href":"https:\/\/www.hotelengirona.com\/ca\/wp-json\/wp\/v2\/pages"}],"about":[{"href":"https:\/\/www.hotelengirona.com\/ca\/wp-json\/wp\/v2\/types\/page"}],"author":[{"embeddable":true,"href":"https:\/\/www.hotelengirona.com\/ca\/wp-json\/wp\/v2\/users\/1"}],"replies":[{"embeddable":true,"href":"https:\/\/www.hotelengirona.com\/ca\/wp-json\/wp\/v2\/comments?post=1635"}],"version-history":[{"count":16,"href":"https:\/\/www.hotelengirona.com\/ca\/wp-json\/wp\/v2\/pages\/1635\/revisions"}],"predecessor-version":[{"id":3123,"href":"https:\/\/www.hotelengirona.com\/ca\/wp-json\/wp\/v2\/pages\/1635\/revisions\/3123"}],"wp:featuredmedia":[{"embeddable":true,"href":"https:\/\/www.hotelengirona.com\/ca\/wp-json\/wp\/v2\/media\/1834"}],"wp:attachment":[{"href":"https:\/\/www.hotelengirona.com\/ca\/wp-json\/wp\/v2\/media?parent=1635"}],"curies":[{"name":"wp","href":"https:\/\/api.w.org\/{rel}","templated":true}]}}