{"id":1633,"date":"2021-02-25T19:16:03","date_gmt":"2021-02-25T19:16:03","guid":{"rendered":"https:\/\/www.hotelengirona.com\/promocions\/"},"modified":"2024-11-12T21:41:35","modified_gmt":"2024-11-12T21:41:35","slug":"promocions","status":"publish","type":"page","link":"https:\/\/www.hotelengirona.com\/ca\/promocions\/","title":{"rendered":"Promocions"},"content":{"rendered":"\t\t<div data-elementor-type=\"wp-post\" data-elementor-id=\"1633\" class=\"elementor elementor-1633 elementor-543\" data-elementor-post-type=\"page\">\n\t\t\t\t\t\t<section class=\"elementor-section elementor-top-section elementor-element elementor-element-6919569 elementor-section-full_width elementor-section-stretched elementor-section-height-default elementor-section-height-default\" data-id=\"6919569\" data-element_type=\"section\" data-e-type=\"section\" data-settings=\"{&quot;stretch_section&quot;:&quot;section-stretched&quot;,&quot;background_background&quot;:&quot;classic&quot;}\">\n\t\t\t\t\t\t\t<div class=\"elementor-background-overlay\"><\/div>\n\t\t\t\t\t\t\t<div class=\"elementor-container elementor-column-gap-no\">\n\t\t\t\t\t<div class=\"elementor-column elementor-col-100 elementor-top-column elementor-element elementor-element-69d26f4\" data-id=\"69d26f4\" data-element_type=\"column\" data-e-type=\"column\">\n\t\t\t<div class=\"elementor-widget-wrap elementor-element-populated\">\n\t\t\t\t\t\t<div class=\"elementor-element elementor-element-e417fa2 elementor-widget-mobile__width-initial elementor-widget elementor-widget-heading\" data-id=\"e417fa2\" data-element_type=\"widget\" data-e-type=\"widget\" data-widget_type=\"heading.default\">\n\t\t\t\t<div class=\"elementor-widget-container\">\n\t\t\t\t\t<h2 class=\"elementor-heading-title elementor-size-default\">Ofertes exclusives per a la teva propera estada<\/h2>\t\t\t\t<\/div>\n\t\t\t\t<\/div>\n\t\t\t\t\t<\/div>\n\t\t<\/div>\n\t\t\t\t\t<\/div>\n\t\t<\/section>\n\t\t\t\t<section class=\"elementor-section elementor-top-section elementor-element elementor-element-d83c775 elementor-section-boxed elementor-section-height-default elementor-section-height-default\" data-id=\"d83c775\" data-element_type=\"section\" data-e-type=\"section\">\n\t\t\t\t\t\t\t<div class=\"elementor-background-overlay\"><\/div>\n\t\t\t\t\t\t\t<div class=\"elementor-container elementor-column-gap-default\">\n\t\t\t\t\t<div class=\"elementor-column elementor-col-100 elementor-top-column elementor-element elementor-element-c0491fc\" data-id=\"c0491fc\" data-element_type=\"column\" data-e-type=\"column\">\n\t\t\t<div class=\"elementor-widget-wrap elementor-element-populated\">\n\t\t\t\t\t\t<div class=\"elementor-element elementor-element-809d62e elementor-invisible elementor-widget elementor-widget-heading\" data-id=\"809d62e\" data-element_type=\"widget\" data-e-type=\"widget\" data-settings=\"{&quot;_animation&quot;:&quot;fadeInUp&quot;}\" data-widget_type=\"heading.default\">\n\t\t\t\t<div class=\"elementor-widget-container\">\n\t\t\t\t\t<h2 class=\"elementor-heading-title elementor-size-default\">Promocions<\/h2>\t\t\t\t<\/div>\n\t\t\t\t<\/div>\n\t\t\t\t<div class=\"elementor-element elementor-element-11b23aa elementor-invisible elementor-widget elementor-widget-heading\" data-id=\"11b23aa\" data-element_type=\"widget\" data-e-type=\"widget\" data-settings=\"{&quot;_animation&quot;:&quot;fadeInUp&quot;}\" data-widget_type=\"heading.default\">\n\t\t\t\t<div class=\"elementor-widget-container\">\n\t\t\t\t\t<h2 class=\"elementor-heading-title elementor-size-default\">Hotel Palau de Girona<\/h2>\t\t\t\t<\/div>\n\t\t\t\t<\/div>\n\t\t\t\t<div class=\"elementor-element elementor-element-e825830 elementor-invisible elementor-widget elementor-widget-heading\" data-id=\"e825830\" data-element_type=\"widget\" data-e-type=\"widget\" data-settings=\"{&quot;_animation&quot;:&quot;fadeInUp&quot;}\" data-widget_type=\"heading.default\">\n\t\t\t\t<div class=\"elementor-widget-container\">\n\t\t\t\t\t<h2 class=\"elementor-heading-title elementor-size-default\">Obtingues un 5% de descompte reservant a trav\u00e9s de la web<\/h2>\t\t\t\t<\/div>\n\t\t\t\t<\/div>\n\t\t\t\t<div class=\"elementor-element elementor-element-c6fa1ca elementor-invisible elementor-widget elementor-widget-text-editor\" data-id=\"c6fa1ca\" data-element_type=\"widget\" data-e-type=\"widget\" data-settings=\"{&quot;_animation&quot;:&quot;fadeInUp&quot;,&quot;_animation_delay&quot;:200}\" data-widget_type=\"text-editor.default\">\n\t\t\t\t<div class=\"elementor-widget-container\">\n\t\t\t\t\t\t\t\t\t<p>A m\u00e9s d&#8217;oferir-te una experi\u00e8ncia \u00fanica a <strong>Girona<\/strong>, reservant en la nostra web oficial podr\u00e0s beneficiar-te dels <strong>millors preus<\/strong> i d&#8217;una reserva segura.<\/p>\n\t\t\t\t\t\t\t\t<\/div>\n\t\t\t\t<\/div>\n\t\t\t\t\t<\/div>\n\t\t<\/div>\n\t\t\t\t\t<\/div>\n\t\t<\/section>\n\t\t\t\t<section class=\"elementor-section elementor-top-section elementor-element elementor-element-a1bbd1d elementor-section-full_width elementor-reverse-mobile elementor-section-height-default elementor-section-height-default\" data-id=\"a1bbd1d\" data-element_type=\"section\" data-e-type=\"section\" data-settings=\"{&quot;background_background&quot;:&quot;classic&quot;}\">\n\t\t\t\t\t\t<div class=\"elementor-container elementor-column-gap-default\">\n\t\t\t\t\t<div class=\"elementor-column elementor-col-50 elementor-top-column elementor-element elementor-element-77df9cd\" data-id=\"77df9cd\" data-element_type=\"column\" data-e-type=\"column\">\n\t\t\t<div class=\"elementor-widget-wrap elementor-element-populated\">\n\t\t\t\t\t\t<div class=\"elementor-element elementor-element-a7e109c elementor-widget elementor-widget-image\" data-id=\"a7e109c\" data-element_type=\"widget\" data-e-type=\"widget\" data-widget_type=\"image.default\">\n\t\t\t\t<div class=\"elementor-widget-container\">\n\t\t\t\t\t\t\t\t\t\t\t\t\t\t\t<img fetchpriority=\"high\" decoding=\"async\" width=\"880\" height=\"495\" src=\"https:\/\/www.hotelengirona.com\/wp-content\/uploads\/2021\/08\/amor-en-girona.jpg\" class=\"attachment-full size-full wp-image-1874\" alt=\"amor en girona\" srcset=\"https:\/\/www.hotelengirona.com\/wp-content\/uploads\/2021\/08\/amor-en-girona.jpg 880w, https:\/\/www.hotelengirona.com\/wp-content\/uploads\/2021\/08\/amor-en-girona-600x338.jpg 600w, https:\/\/www.hotelengirona.com\/wp-content\/uploads\/2021\/08\/amor-en-girona-300x169.jpg 300w, https:\/\/www.hotelengirona.com\/wp-content\/uploads\/2021\/08\/amor-en-girona-768x432.jpg 768w, https:\/\/www.hotelengirona.com\/wp-content\/uploads\/2021\/08\/amor-en-girona-440x248.jpg 440w\" sizes=\"(max-width: 880px) 100vw, 880px\" \/>\t\t\t\t\t\t\t\t\t\t\t\t\t\t\t<\/div>\n\t\t\t\t<\/div>\n\t\t\t\t\t<\/div>\n\t\t<\/div>\n\t\t\t\t<div class=\"elementor-column elementor-col-50 elementor-top-column elementor-element elementor-element-d09c4d4\" data-id=\"d09c4d4\" data-element_type=\"column\" data-e-type=\"column\">\n\t\t\t<div class=\"elementor-widget-wrap elementor-element-populated\">\n\t\t\t\t\t\t<div class=\"elementor-element elementor-element-cecec03 elementor-invisible elementor-widget elementor-widget-heading\" data-id=\"cecec03\" data-element_type=\"widget\" data-e-type=\"widget\" data-settings=\"{&quot;_animation&quot;:&quot;fadeInUp&quot;}\" data-widget_type=\"heading.default\">\n\t\t\t\t<div class=\"elementor-widget-container\">\n\t\t\t\t\t<h2 class=\"elementor-heading-title elementor-size-default\">Millor preu garantit<\/h2>\t\t\t\t<\/div>\n\t\t\t\t<\/div>\n\t\t\t\t<div class=\"elementor-element elementor-element-e14dc23 elementor-invisible elementor-widget elementor-widget-text-editor\" data-id=\"e14dc23\" data-element_type=\"widget\" data-e-type=\"widget\" data-settings=\"{&quot;_animation&quot;:&quot;fadeInUp&quot;,&quot;_animation_delay&quot;:200}\" data-widget_type=\"text-editor.default\">\n\t\t\t\t<div class=\"elementor-widget-container\">\n\t\t\t\t\t\t\t\t\t<p>Reserva directament amb nosaltres i estalvia! Gaudeix d&#8217;un <b>5% de descompte<\/b> a la teva estada en fer la reserva directa.<\/p>\n<p>Aprofita aquesta oferta exclusiva i viu una experi\u00e8ncia inoblidable al millor preu.<\/p>\n\t\t\t\t\t\t\t\t<\/div>\n\t\t\t\t<\/div>\n\t\t\t\t\t<\/div>\n\t\t<\/div>\n\t\t\t\t\t<\/div>\n\t\t<\/section>\n\t\t\t\t<\/div>\n\t\t","protected":false},"excerpt":{"rendered":"<p>Ofertes exclusives per a la teva propera estada Promocions Hotel Palau de Girona Obtingues un 5% de descompte reservant a trav\u00e9s de la web A m\u00e9s d&#8217;oferir-te una experi\u00e8ncia \u00fanica a Girona, reservant en la nostra web oficial podr\u00e0s beneficiar-te [&hellip;]<\/p>\n","protected":false},"author":1,"featured_media":1504,"parent":0,"menu_order":0,"comment_status":"closed","ping_status":"closed","template":"elementor_theme","meta":{"footnotes":""},"class_list":["post-1633","page","type-page","status-publish","has-post-thumbnail","hentry"],"yoast_head":"<!-- This site is optimized with the Yoast SEO plugin v27.2 - https:\/\/yoast.com\/product\/yoast-seo-wordpress\/ -->\n<title>Promocions - Hotel Palau de Girona<\/title>\n<meta name=\"description\" content=\"A m\u00e9s d&#039;oferir-te una experi\u00e8ncia \u00fanica a Girona, reservant en la nostra web oficial podr\u00e0s beneficiar-te dels millors preus.\" \/>\n<meta name=\"robots\" content=\"index, follow, max-snippet:-1, max-image-preview:large, max-video-preview:-1\" \/>\n<link rel=\"canonical\" href=\"https:\/\/www.hotelengirona.com\/promociones\/\" \/>\n<meta property=\"og:locale\" content=\"ca_ES\" \/>\n<meta property=\"og:type\" content=\"article\" \/>\n<meta property=\"og:title\" content=\"Promocions - Hotel Palau de Girona\" \/>\n<meta property=\"og:description\" content=\"A m\u00e9s d&#039;oferir-te una experi\u00e8ncia \u00fanica a Girona, reservant en la nostra web oficial podr\u00e0s beneficiar-te dels millors preus.\" \/>\n<meta property=\"og:url\" content=\"https:\/\/www.hotelengirona.com\/promociones\/\" \/>\n<meta property=\"og:site_name\" content=\"Hotel Palau de Girona\" \/>\n<meta property=\"article:modified_time\" content=\"2024-11-12T21:41:35+00:00\" \/>\n<meta property=\"og:image\" content=\"https:\/\/www.hotelengirona.com\/wp-content\/uploads\/2020\/10\/SUITE.jpg\" \/>\n\t<meta property=\"og:image:width\" content=\"1500\" \/>\n\t<meta property=\"og:image:height\" content=\"1000\" \/>\n\t<meta property=\"og:image:type\" content=\"image\/jpeg\" \/>\n<meta name=\"twitter:card\" content=\"summary_large_image\" \/>\n<script type=\"application\/ld+json\" class=\"yoast-schema-graph\">{\"@context\":\"https:\/\/schema.org\",\"@graph\":[{\"@type\":\"WebPage\",\"@id\":\"https:\/\/www.hotelengirona.com\/promociones\/\",\"url\":\"https:\/\/www.hotelengirona.com\/promociones\/\",\"name\":\"Promocions - Hotel Palau de Girona\",\"isPartOf\":{\"@id\":\"https:\/\/www.hotelengirona.com\/#website\"},\"primaryImageOfPage\":{\"@id\":\"https:\/\/www.hotelengirona.com\/promociones\/#primaryimage\"},\"image\":{\"@id\":\"https:\/\/www.hotelengirona.com\/promociones\/#primaryimage\"},\"thumbnailUrl\":\"https:\/\/www.hotelengirona.com\/wp-content\/uploads\/2020\/10\/SUITE.jpg\",\"datePublished\":\"2021-02-25T19:16:03+00:00\",\"dateModified\":\"2024-11-12T21:41:35+00:00\",\"description\":\"A m\u00e9s d'oferir-te una experi\u00e8ncia \u00fanica a Girona, reservant en la nostra web oficial podr\u00e0s beneficiar-te dels millors preus.\",\"breadcrumb\":{\"@id\":\"https:\/\/www.hotelengirona.com\/promociones\/#breadcrumb\"},\"inLanguage\":\"ca\",\"potentialAction\":[{\"@type\":\"ReadAction\",\"target\":[\"https:\/\/www.hotelengirona.com\/promociones\/\"]}]},{\"@type\":\"ImageObject\",\"inLanguage\":\"ca\",\"@id\":\"https:\/\/www.hotelengirona.com\/promociones\/#primaryimage\",\"url\":\"https:\/\/www.hotelengirona.com\/wp-content\/uploads\/2020\/10\/SUITE.jpg\",\"contentUrl\":\"https:\/\/www.hotelengirona.com\/wp-content\/uploads\/2020\/10\/SUITE.jpg\",\"width\":1500,\"height\":1000,\"caption\":\"SUITE\"},{\"@type\":\"BreadcrumbList\",\"@id\":\"https:\/\/www.hotelengirona.com\/promociones\/#breadcrumb\",\"itemListElement\":[{\"@type\":\"ListItem\",\"position\":1,\"name\":\"Portada\",\"item\":\"https:\/\/www.hotelengirona.com\/\"},{\"@type\":\"ListItem\",\"position\":2,\"name\":\"Promocions\"}]},{\"@type\":\"WebSite\",\"@id\":\"https:\/\/www.hotelengirona.com\/#website\",\"url\":\"https:\/\/www.hotelengirona.com\/\",\"name\":\"Hotel Palau de Girona\",\"description\":\"Sant Juli\u00e0 de Ramis, Girona\",\"publisher\":{\"@id\":\"https:\/\/www.hotelengirona.com\/#organization\"},\"potentialAction\":[{\"@type\":\"SearchAction\",\"target\":{\"@type\":\"EntryPoint\",\"urlTemplate\":\"https:\/\/www.hotelengirona.com\/?s={search_term_string}\"},\"query-input\":{\"@type\":\"PropertyValueSpecification\",\"valueRequired\":true,\"valueName\":\"search_term_string\"}}],\"inLanguage\":\"ca\"},{\"@type\":\"Organization\",\"@id\":\"https:\/\/www.hotelengirona.com\/#organization\",\"name\":\"Hotel Palau de Girona\",\"url\":\"https:\/\/www.hotelengirona.com\/\",\"logo\":{\"@type\":\"ImageObject\",\"inLanguage\":\"ca\",\"@id\":\"https:\/\/www.hotelengirona.com\/#\/schema\/logo\/image\/\",\"url\":\"https:\/\/www.hotelengirona.com\/wp-content\/uploads\/2019\/06\/logohpg.png\",\"contentUrl\":\"https:\/\/www.hotelengirona.com\/wp-content\/uploads\/2019\/06\/logohpg.png\",\"width\":11811,\"height\":9364,\"caption\":\"Hotel Palau de Girona\"},\"image\":{\"@id\":\"https:\/\/www.hotelengirona.com\/#\/schema\/logo\/image\/\"}}]}<\/script>\n<!-- \/ Yoast SEO plugin. -->","yoast_head_json":{"title":"Promocions - Hotel Palau de Girona","description":"A m\u00e9s d'oferir-te una experi\u00e8ncia \u00fanica a Girona, reservant en la nostra web oficial podr\u00e0s beneficiar-te dels millors preus.","robots":{"index":"index","follow":"follow","max-snippet":"max-snippet:-1","max-image-preview":"max-image-preview:large","max-video-preview":"max-video-preview:-1"},"canonical":"https:\/\/www.hotelengirona.com\/promociones\/","og_locale":"ca_ES","og_type":"article","og_title":"Promocions - Hotel Palau de Girona","og_description":"A m\u00e9s d'oferir-te una experi\u00e8ncia \u00fanica a Girona, reservant en la nostra web oficial podr\u00e0s beneficiar-te dels millors preus.","og_url":"https:\/\/www.hotelengirona.com\/promociones\/","og_site_name":"Hotel Palau de Girona","article_modified_time":"2024-11-12T21:41:35+00:00","og_image":[{"width":1500,"height":1000,"url":"https:\/\/www.hotelengirona.com\/wp-content\/uploads\/2020\/10\/SUITE.jpg","type":"image\/jpeg"}],"twitter_card":"summary_large_image","schema":{"@context":"https:\/\/schema.org","@graph":[{"@type":"WebPage","@id":"https:\/\/www.hotelengirona.com\/promociones\/","url":"https:\/\/www.hotelengirona.com\/promociones\/","name":"Promocions - Hotel Palau de Girona","isPartOf":{"@id":"https:\/\/www.hotelengirona.com\/#website"},"primaryImageOfPage":{"@id":"https:\/\/www.hotelengirona.com\/promociones\/#primaryimage"},"image":{"@id":"https:\/\/www.hotelengirona.com\/promociones\/#primaryimage"},"thumbnailUrl":"https:\/\/www.hotelengirona.com\/wp-content\/uploads\/2020\/10\/SUITE.jpg","datePublished":"2021-02-25T19:16:03+00:00","dateModified":"2024-11-12T21:41:35+00:00","description":"A m\u00e9s d'oferir-te una experi\u00e8ncia \u00fanica a Girona, reservant en la nostra web oficial podr\u00e0s beneficiar-te dels millors preus.","breadcrumb":{"@id":"https:\/\/www.hotelengirona.com\/promociones\/#breadcrumb"},"inLanguage":"ca","potentialAction":[{"@type":"ReadAction","target":["https:\/\/www.hotelengirona.com\/promociones\/"]}]},{"@type":"ImageObject","inLanguage":"ca","@id":"https:\/\/www.hotelengirona.com\/promociones\/#primaryimage","url":"https:\/\/www.hotelengirona.com\/wp-content\/uploads\/2020\/10\/SUITE.jpg","contentUrl":"https:\/\/www.hotelengirona.com\/wp-content\/uploads\/2020\/10\/SUITE.jpg","width":1500,"height":1000,"caption":"SUITE"},{"@type":"BreadcrumbList","@id":"https:\/\/www.hotelengirona.com\/promociones\/#breadcrumb","itemListElement":[{"@type":"ListItem","position":1,"name":"Portada","item":"https:\/\/www.hotelengirona.com\/"},{"@type":"ListItem","position":2,"name":"Promocions"}]},{"@type":"WebSite","@id":"https:\/\/www.hotelengirona.com\/#website","url":"https:\/\/www.hotelengirona.com\/","name":"Hotel Palau de Girona","description":"Sant Juli\u00e0 de Ramis, Girona","publisher":{"@id":"https:\/\/www.hotelengirona.com\/#organization"},"potentialAction":[{"@type":"SearchAction","target":{"@type":"EntryPoint","urlTemplate":"https:\/\/www.hotelengirona.com\/?s={search_term_string}"},"query-input":{"@type":"PropertyValueSpecification","valueRequired":true,"valueName":"search_term_string"}}],"inLanguage":"ca"},{"@type":"Organization","@id":"https:\/\/www.hotelengirona.com\/#organization","name":"Hotel Palau de Girona","url":"https:\/\/www.hotelengirona.com\/","logo":{"@type":"ImageObject","inLanguage":"ca","@id":"https:\/\/www.hotelengirona.com\/#\/schema\/logo\/image\/","url":"https:\/\/www.hotelengirona.com\/wp-content\/uploads\/2019\/06\/logohpg.png","contentUrl":"https:\/\/www.hotelengirona.com\/wp-content\/uploads\/2019\/06\/logohpg.png","width":11811,"height":9364,"caption":"Hotel Palau de Girona"},"image":{"@id":"https:\/\/www.hotelengirona.com\/#\/schema\/logo\/image\/"}}]}},"_links":{"self":[{"href":"https:\/\/www.hotelengirona.com\/ca\/wp-json\/wp\/v2\/pages\/1633","targetHints":{"allow":["GET"]}}],"collection":[{"href":"https:\/\/www.hotelengirona.com\/ca\/wp-json\/wp\/v2\/pages"}],"about":[{"href":"https:\/\/www.hotelengirona.com\/ca\/wp-json\/wp\/v2\/types\/page"}],"author":[{"embeddable":true,"href":"https:\/\/www.hotelengirona.com\/ca\/wp-json\/wp\/v2\/users\/1"}],"replies":[{"embeddable":true,"href":"https:\/\/www.hotelengirona.com\/ca\/wp-json\/wp\/v2\/comments?post=1633"}],"version-history":[{"count":4,"href":"https:\/\/www.hotelengirona.com\/ca\/wp-json\/wp\/v2\/pages\/1633\/revisions"}],"predecessor-version":[{"id":2869,"href":"https:\/\/www.hotelengirona.com\/ca\/wp-json\/wp\/v2\/pages\/1633\/revisions\/2869"}],"wp:featuredmedia":[{"embeddable":true,"href":"https:\/\/www.hotelengirona.com\/ca\/wp-json\/wp\/v2\/media\/1504"}],"wp:attachment":[{"href":"https:\/\/www.hotelengirona.com\/ca\/wp-json\/wp\/v2\/media?parent=1633"}],"curies":[{"name":"wp","href":"https:\/\/api.w.org\/{rel}","templated":true}]}}