{"id":1631,"date":"2021-02-25T19:13:20","date_gmt":"2021-02-25T19:13:20","guid":{"rendered":"https:\/\/www.hotelengirona.com\/politica-de-privacitat\/"},"modified":"2021-10-16T13:00:37","modified_gmt":"2021-10-16T13:00:37","slug":"politica-de-privacitat","status":"publish","type":"page","link":"https:\/\/www.hotelengirona.com\/ca\/politica-de-privacitat\/","title":{"rendered":"Pol\u00edtica de privacitat"},"content":{"rendered":"\t\t<div data-elementor-type=\"wp-page\" data-elementor-id=\"1631\" class=\"elementor elementor-1631 elementor-3\" data-elementor-post-type=\"page\">\n\t\t\t\t\t\t<section class=\"elementor-section elementor-top-section elementor-element elementor-element-4df449f0 elementor-section-boxed elementor-section-height-default elementor-section-height-default\" data-id=\"4df449f0\" data-element_type=\"section\" data-e-type=\"section\">\n\t\t\t\t\t\t\t<div class=\"elementor-background-overlay\"><\/div>\n\t\t\t\t\t\t\t<div class=\"elementor-container elementor-column-gap-default\">\n\t\t\t\t\t<div class=\"elementor-column elementor-col-100 elementor-top-column elementor-element elementor-element-647a8922\" data-id=\"647a8922\" data-element_type=\"column\" data-e-type=\"column\">\n\t\t\t<div class=\"elementor-widget-wrap elementor-element-populated\">\n\t\t\t\t\t\t<div class=\"elementor-element elementor-element-3ac986 elementor-invisible elementor-widget elementor-widget-heading\" data-id=\"3ac986\" data-element_type=\"widget\" data-e-type=\"widget\" data-settings=\"{&quot;_animation&quot;:&quot;fadeInUp&quot;}\" data-widget_type=\"heading.default\">\n\t\t\t\t<div class=\"elementor-widget-container\">\n\t\t\t\t\t<h2 class=\"elementor-heading-title elementor-size-default\">Hotel Palau de Girona<\/h2>\t\t\t\t<\/div>\n\t\t\t\t<\/div>\n\t\t\t\t\t<\/div>\n\t\t<\/div>\n\t\t\t\t\t<\/div>\n\t\t<\/section>\n\t\t\t\t<section class=\"elementor-section elementor-top-section elementor-element elementor-element-b3b92ed elementor-section-boxed elementor-section-height-default elementor-section-height-default\" data-id=\"b3b92ed\" data-element_type=\"section\" data-e-type=\"section\">\n\t\t\t\t\t\t<div class=\"elementor-container elementor-column-gap-default\">\n\t\t\t\t\t<div class=\"elementor-column elementor-col-100 elementor-top-column elementor-element elementor-element-c8f71ad\" data-id=\"c8f71ad\" data-element_type=\"column\" data-e-type=\"column\">\n\t\t\t<div class=\"elementor-widget-wrap elementor-element-populated\">\n\t\t\t\t\t\t<div class=\"elementor-element elementor-element-83d751f elementor-widget elementor-widget-text-editor\" data-id=\"83d751f\" data-element_type=\"widget\" data-e-type=\"widget\" data-widget_type=\"text-editor.default\">\n\t\t\t\t<div class=\"elementor-widget-container\">\n\t\t\t\t\t\t\t\t\t<p><strong>Protecci\u00f3 de Dades<\/strong><\/p>\n<p>A conseq\u00fc\u00e8ncia de la navegaci\u00f3 en la web i de l&#8217;emplenament dels formularis de la web, l&#8217;usuari accepta que les dades personals per ell facilitats o que es facilitin en el futur a trav\u00e9s d&#8217;aquest servei, siguin objecte de tractament en fitxers de dades de car\u00e0cter personal de l&#8217;establiment, incloent la recopilaci\u00f3 de dades d&#8217;acc\u00e9s i la utilitzaci\u00f3 de cookies i funcions proporcionades per tercers.<\/p>\n<p><strong>Finalitat del tractament, base legal i destinataris de la informaci\u00f3<\/strong><\/p>\n<p>Les dades s&#8217;utilitzen per a:<br \/>\n\u2022 Permetre el funcionament de la web<br \/>\n\u2022 Registrar i atendre les sol\u00b7licituds realitzades pels usuaris a trav\u00e9s dels formularis de la web<br \/>\n\u2022 La prestaci\u00f3 i administraci\u00f3 els serveis de l&#8217;hotel, la tramitaci\u00f3 de reserves i el cobrament<br \/>\n\u2022 Elaborar anal\u00edtiques web i estad\u00edstiques<br \/>\n\u2022 Incloure funcions proporcionades per tercers (Google Maps, etc)<\/p>\n<p>Navegaci\u00f3 en la web i acc\u00e9s a \u00e0rees per a usuaris registrats<\/p>\n<p>\u2022 Finalitat: es tracten les dades necess\u00e0ries per a la provisi\u00f3 dels serveis en l\u00ednia, incloent el registre d&#8217;adreces IP, p\u00e0gines visitades i data d&#8217;acc\u00e9s, aix\u00ed com informaci\u00f3 sobre el terminal de l&#8217;usuari. Les dades tamb\u00e9 es tracten per a fins de seguretat i de millora de la web.<br \/>\n\u2022 Legitimaci\u00f3: el tractament de les dades \u00e9s necessari per a la provisi\u00f3 dels serveis en l\u00ednia; consentiment, expressat a trav\u00e9s de la utilitzaci\u00f3 de la web<br \/>\n\u2022 Destinataris i transfer\u00e8ncies: establiment, empreses d&#8217;allotjament web<\/p>\n<p>Utilitzaci\u00f3 dels formularis de la web<\/p>\n<p>\u2022 Finalitat: atendre les sol\u00b7licituds realitzades a trav\u00e9s dels formularis web.<br \/>\n\u2022 Legitimaci\u00f3: consentiment expressat en utilitzar i enviar el formulari.<br \/>\n\u2022 Destinataris i transfer\u00e8ncies: establiment i empreses involucrades a prestar els serveis sol\u00b7licitats<\/p>\n<p>Prestaci\u00f3 de serveis<\/p>\n<p>\u2022 Finalitat: prestar els serveis incloent gesti\u00f3 de reserves hoteleres i pagament. Enviar informaci\u00f3 sobre els serveis de l&#8217;establiment per mitjans electr\u00f2nics. Enquestes de qualitat.<br \/>\n\u2022 Legitimaci\u00f3: execuci\u00f3 del contracte o prestaci\u00f3 del servei.<br \/>\n\u2022 Destinataris i transfer\u00e8ncies: establiment i empreses involucrades a prestar els serveis sol\u00b7licitats<\/p>\n<p>Anal\u00edtiques Web<\/p>\n<p>\u2022 Finalitat: con\u00e8ixer la manera en qu\u00e8 la web \u00e9s buscada, accedida i utilitzada pel p\u00fablic. Poden implicar la recopilaci\u00f3 de dades de car\u00e0cter personal com per exemple l&#8217;adre\u00e7a IP, la localitzaci\u00f3 de la connexi\u00f3, la informaci\u00f3 sobre el programari o maquinari de navegaci\u00f3, etc.<br \/>\n\u2022 Legitimaci\u00f3: consentiment, expressat a trav\u00e9s de la utilitzaci\u00f3 de la web<br \/>\n\u2022 Destinataris i transfer\u00e8ncies: establiment<\/p>\n<p>Funcions proporcionades tercers<\/p>\n<p>\u2022 Finalitat: incorporar funcions proporcionats per tercers, com a mapes, anal\u00edtiques, botons socials, giny de xat Zendesk, etc<br \/>\n\u2022 Legitimaci\u00f3: consentiment, expressat a trav\u00e9s de la utilitzaci\u00f3 de la web<br \/>\n\u2022 Destinataris i transfer\u00e8ncies: Les funcions de tercers estableixen una connexi\u00f3 directa entre el navegador de l&#8217;usuari i els dominis d&#8217;Internet dels tercers, permetent la desc\u00e0rrega i execuci\u00f3 de la funci\u00f3, inclusivament des de p\u00e0gines fora de l&#8217;Espai Econ\u00f2mic Europeu.<\/p>\n<p>Aquesta web integra funcions de Google Inc, com Google Analytics i Google Maps. En utilitzar aquesta web l&#8217;usuari autoritza el tractament de les seves dades per Google conforme el que s&#8217;estableix en la seva pol\u00edtica de privacitat: https:\/\/policies.google.com\/privacy<\/p>\n<p><strong>Veracitat de les dades<\/strong><\/p>\n<p>L&#8217;usuari ha d&#8217;emplenar els formularis amb dades veritables, exactes, complets i actuals. L&#8217;usuari no introduir\u00e0 dades corresponents a una altra persona; es presumir\u00e0 que les dades han estat facilitats pel titular d&#8217;aquests. L&#8217;usuari ser\u00e0 l&#8217;\u00fanic responsable de qualsevol mal o perjudici, directe o indirecte que pogu\u00e9s ocasionar a qualsevol persona a causa de l&#8217;emplenament del formulari amb dades relatives a una altra persona.<\/p>\n<p><strong>Drets d&#8217;acc\u00e9s, rectificaci\u00f3, supressi\u00f3, oposici\u00f3 i altres<\/strong><\/p>\n<p>El titular de les dades t\u00e9 en tot moment el dret d&#8217;accedir, rectificar, i suprimir les dades que el concerneixen, aix\u00ed com oposar-se al tractament de les seves dades, en els termes recollits en la legislaci\u00f3 de protecci\u00f3 de dades. Tamb\u00e9 t\u00e9 dret a sol\u00b7licitar: la portabilitat de les seves dades, la revocaci\u00f3 del consentiment prestat en el seu cas i la limitaci\u00f3 del tractament.<br \/>\nEl titular de les dades pot exercir aquests drets mitjan\u00e7ant escrit dirigit per correu postal a l&#8217;establiment.<br \/>\nEl sol\u00b7licitant ha d&#8217;incloure aquesta comunicaci\u00f3 sol\u00b7licitud signada indicant l&#8217;actuaci\u00f3 que se sol\u00b7licita i fotoc\u00f2pia del DNI o passaport.<br \/>\nEl titular de les dades tamb\u00e9 pot oposar-se a la recepci\u00f3 d&#8217;e-mails comercials, per a aix\u00f2 bastar\u00e0 que ho sol\u00b7liciti mitjan\u00e7ant un correu electr\u00f2nic rem\u00e8s des de l&#8217;adre\u00e7a que desitja donar de baixa i dirigit a l&#8217;establiment.<br \/>\nEl titular de les dades, si considera que el tractament de les seves dades infringeix la legislaci\u00f3 de protecci\u00f3 de dades, pot realitzar una queixa davant les autoritats de control de protecci\u00f3 de dades.<\/p>\n<p><strong>Menors d&#8217;edat<\/strong><\/p>\n<p>Es prohibeix la utilitzaci\u00f3 dels serveis web a persones menors de 18 anys.<\/p>\n<p><strong>Seguretat de les dades<\/strong><\/p>\n<p>Aquesta web t\u00e9 una de les tecnologies m\u00e9s segures quant a la protecci\u00f3 de dades de la seva targeta de cr\u00e8dit es refereix. Aix\u00ed mateix, compleix totes les normes internacionals que legislen la mat\u00e8ria. Tots els apartats on sol\u00b7licitem informaci\u00f3 sensible utilitzen el protocol de comunicaci\u00f3 SSL. Aix\u00f2 vol dir que la informaci\u00f3 que viatja a trav\u00e9s d&#8217;Internet des del seu ordinador fins al nostre servidor el fa codificada, fent-los indesxifrables a qualsevol persona aliena. Aquesta tecnologia assegura i garanteix, que les seves dades no podran ser interceptats, manipulats o suplantats, de cap manera. D&#8217;aquesta manera el pagament a trav\u00e9s d&#8217;Internet \u00e9s avui dia tan segur com la compra directa.<\/p>\n<p><strong>Qu\u00e8 significa SSL?<\/strong><\/p>\n<p>El SSL (Secure Socket Layer) \u00e9s una tecnologia est\u00e0ndard de seguretat en Internet. Aplica un sistema d&#8217;encriptaci\u00f3 (codificaci\u00f3) que proporciona la m\u00e0xima confidencialitat de les dades que ens transmeten. Aix\u00ed s&#8217;impedeix l&#8217;entrada il\u00b7l\u00edcita o intercepci\u00f3 en un sistema mentre les dades circulen per Internet. Per a major seguretat, aquestes dades s&#8217;emmagatzemen en un servidor segur protegit per un \u201cfirewall\u201d en cont\u00ednua vigil\u00e0ncia.<\/p>\n\t\t\t\t\t\t\t\t<\/div>\n\t\t\t\t<\/div>\n\t\t\t\t\t<\/div>\n\t\t<\/div>\n\t\t\t\t\t<\/div>\n\t\t<\/section>\n\t\t\t\t<\/div>\n\t\t","protected":false},"excerpt":{"rendered":"<p>Hotel Palau de Girona Protecci\u00f3 de Dades A conseq\u00fc\u00e8ncia de la navegaci\u00f3 en la web i de l&#8217;emplenament dels formularis de la web, l&#8217;usuari accepta que les dades personals per ell facilitats o que es facilitin en el futur a [&hellip;]<\/p>\n","protected":false},"author":1,"featured_media":0,"parent":0,"menu_order":0,"comment_status":"closed","ping_status":"closed","template":"elementor_theme","meta":{"footnotes":""},"class_list":["post-1631","page","type-page","status-publish","hentry"],"yoast_head":"<!-- This site is optimized with the Yoast SEO plugin v27.2 - https:\/\/yoast.com\/product\/yoast-seo-wordpress\/ -->\n<title>Pol\u00edtica de privacitat - Hotel Palau de Girona<\/title>\n<meta name=\"robots\" content=\"noindex, nofollow\" \/>\n<meta property=\"og:locale\" content=\"ca_ES\" \/>\n<meta property=\"og:type\" content=\"article\" \/>\n<meta property=\"og:title\" content=\"Pol\u00edtica de privacitat - Hotel Palau de Girona\" \/>\n<meta property=\"og:description\" content=\"Hotel Palau de Girona Protecci\u00f3 de Dades A conseq\u00fc\u00e8ncia de la navegaci\u00f3 en la web i de l&#8217;emplenament dels formularis de la web, l&#8217;usuari accepta que les dades personals per ell facilitats o que es facilitin en el futur a [&hellip;]\" \/>\n<meta property=\"og:url\" content=\"https:\/\/www.hotelengirona.com\/ca\/politica-de-privacitat\/\" \/>\n<meta property=\"og:site_name\" content=\"Hotel Palau de Girona\" \/>\n<meta property=\"article:modified_time\" content=\"2021-10-16T13:00:37+00:00\" \/>\n<meta name=\"twitter:card\" content=\"summary_large_image\" \/>\n<meta name=\"twitter:label1\" content=\"Temps estimat de lectura\" \/>\n\t<meta name=\"twitter:data1\" content=\"5 minuts\" \/>\n<script type=\"application\/ld+json\" class=\"yoast-schema-graph\">{\"@context\":\"https:\/\/schema.org\",\"@graph\":[{\"@type\":\"WebPage\",\"@id\":\"https:\/\/www.hotelengirona.com\/ca\/politica-de-privacitat\/\",\"url\":\"https:\/\/www.hotelengirona.com\/ca\/politica-de-privacitat\/\",\"name\":\"Pol\u00edtica de privacitat - Hotel Palau de Girona\",\"isPartOf\":{\"@id\":\"https:\/\/www.hotelengirona.com\/#website\"},\"datePublished\":\"2021-02-25T19:13:20+00:00\",\"dateModified\":\"2021-10-16T13:00:37+00:00\",\"breadcrumb\":{\"@id\":\"https:\/\/www.hotelengirona.com\/ca\/politica-de-privacitat\/#breadcrumb\"},\"inLanguage\":\"ca\",\"potentialAction\":[{\"@type\":\"ReadAction\",\"target\":[\"https:\/\/www.hotelengirona.com\/ca\/politica-de-privacitat\/\"]}]},{\"@type\":\"BreadcrumbList\",\"@id\":\"https:\/\/www.hotelengirona.com\/ca\/politica-de-privacitat\/#breadcrumb\",\"itemListElement\":[{\"@type\":\"ListItem\",\"position\":1,\"name\":\"Portada\",\"item\":\"https:\/\/www.hotelengirona.com\/\"},{\"@type\":\"ListItem\",\"position\":2,\"name\":\"Pol\u00edtica de privacitat\"}]},{\"@type\":\"WebSite\",\"@id\":\"https:\/\/www.hotelengirona.com\/#website\",\"url\":\"https:\/\/www.hotelengirona.com\/\",\"name\":\"Hotel Palau de Girona\",\"description\":\"Sant Juli\u00e0 de Ramis, Girona\",\"publisher\":{\"@id\":\"https:\/\/www.hotelengirona.com\/#organization\"},\"potentialAction\":[{\"@type\":\"SearchAction\",\"target\":{\"@type\":\"EntryPoint\",\"urlTemplate\":\"https:\/\/www.hotelengirona.com\/?s={search_term_string}\"},\"query-input\":{\"@type\":\"PropertyValueSpecification\",\"valueRequired\":true,\"valueName\":\"search_term_string\"}}],\"inLanguage\":\"ca\"},{\"@type\":\"Organization\",\"@id\":\"https:\/\/www.hotelengirona.com\/#organization\",\"name\":\"Hotel Palau de Girona\",\"url\":\"https:\/\/www.hotelengirona.com\/\",\"logo\":{\"@type\":\"ImageObject\",\"inLanguage\":\"ca\",\"@id\":\"https:\/\/www.hotelengirona.com\/#\/schema\/logo\/image\/\",\"url\":\"https:\/\/www.hotelengirona.com\/wp-content\/uploads\/2019\/06\/logohpg.png\",\"contentUrl\":\"https:\/\/www.hotelengirona.com\/wp-content\/uploads\/2019\/06\/logohpg.png\",\"width\":11811,\"height\":9364,\"caption\":\"Hotel Palau de Girona\"},\"image\":{\"@id\":\"https:\/\/www.hotelengirona.com\/#\/schema\/logo\/image\/\"}}]}<\/script>\n<!-- \/ Yoast SEO plugin. -->","yoast_head_json":{"title":"Pol\u00edtica de privacitat - Hotel Palau de Girona","robots":{"index":"noindex","follow":"nofollow"},"og_locale":"ca_ES","og_type":"article","og_title":"Pol\u00edtica de privacitat - Hotel Palau de Girona","og_description":"Hotel Palau de Girona Protecci\u00f3 de Dades A conseq\u00fc\u00e8ncia de la navegaci\u00f3 en la web i de l&#8217;emplenament dels formularis de la web, l&#8217;usuari accepta que les dades personals per ell facilitats o que es facilitin en el futur a [&hellip;]","og_url":"https:\/\/www.hotelengirona.com\/ca\/politica-de-privacitat\/","og_site_name":"Hotel Palau de Girona","article_modified_time":"2021-10-16T13:00:37+00:00","twitter_card":"summary_large_image","twitter_misc":{"Temps estimat de lectura":"5 minuts"},"schema":{"@context":"https:\/\/schema.org","@graph":[{"@type":"WebPage","@id":"https:\/\/www.hotelengirona.com\/ca\/politica-de-privacitat\/","url":"https:\/\/www.hotelengirona.com\/ca\/politica-de-privacitat\/","name":"Pol\u00edtica de privacitat - Hotel Palau de Girona","isPartOf":{"@id":"https:\/\/www.hotelengirona.com\/#website"},"datePublished":"2021-02-25T19:13:20+00:00","dateModified":"2021-10-16T13:00:37+00:00","breadcrumb":{"@id":"https:\/\/www.hotelengirona.com\/ca\/politica-de-privacitat\/#breadcrumb"},"inLanguage":"ca","potentialAction":[{"@type":"ReadAction","target":["https:\/\/www.hotelengirona.com\/ca\/politica-de-privacitat\/"]}]},{"@type":"BreadcrumbList","@id":"https:\/\/www.hotelengirona.com\/ca\/politica-de-privacitat\/#breadcrumb","itemListElement":[{"@type":"ListItem","position":1,"name":"Portada","item":"https:\/\/www.hotelengirona.com\/"},{"@type":"ListItem","position":2,"name":"Pol\u00edtica de privacitat"}]},{"@type":"WebSite","@id":"https:\/\/www.hotelengirona.com\/#website","url":"https:\/\/www.hotelengirona.com\/","name":"Hotel Palau de Girona","description":"Sant Juli\u00e0 de Ramis, Girona","publisher":{"@id":"https:\/\/www.hotelengirona.com\/#organization"},"potentialAction":[{"@type":"SearchAction","target":{"@type":"EntryPoint","urlTemplate":"https:\/\/www.hotelengirona.com\/?s={search_term_string}"},"query-input":{"@type":"PropertyValueSpecification","valueRequired":true,"valueName":"search_term_string"}}],"inLanguage":"ca"},{"@type":"Organization","@id":"https:\/\/www.hotelengirona.com\/#organization","name":"Hotel Palau de Girona","url":"https:\/\/www.hotelengirona.com\/","logo":{"@type":"ImageObject","inLanguage":"ca","@id":"https:\/\/www.hotelengirona.com\/#\/schema\/logo\/image\/","url":"https:\/\/www.hotelengirona.com\/wp-content\/uploads\/2019\/06\/logohpg.png","contentUrl":"https:\/\/www.hotelengirona.com\/wp-content\/uploads\/2019\/06\/logohpg.png","width":11811,"height":9364,"caption":"Hotel Palau de Girona"},"image":{"@id":"https:\/\/www.hotelengirona.com\/#\/schema\/logo\/image\/"}}]}},"_links":{"self":[{"href":"https:\/\/www.hotelengirona.com\/ca\/wp-json\/wp\/v2\/pages\/1631","targetHints":{"allow":["GET"]}}],"collection":[{"href":"https:\/\/www.hotelengirona.com\/ca\/wp-json\/wp\/v2\/pages"}],"about":[{"href":"https:\/\/www.hotelengirona.com\/ca\/wp-json\/wp\/v2\/types\/page"}],"author":[{"embeddable":true,"href":"https:\/\/www.hotelengirona.com\/ca\/wp-json\/wp\/v2\/users\/1"}],"replies":[{"embeddable":true,"href":"https:\/\/www.hotelengirona.com\/ca\/wp-json\/wp\/v2\/comments?post=1631"}],"version-history":[{"count":3,"href":"https:\/\/www.hotelengirona.com\/ca\/wp-json\/wp\/v2\/pages\/1631\/revisions"}],"predecessor-version":[{"id":1961,"href":"https:\/\/www.hotelengirona.com\/ca\/wp-json\/wp\/v2\/pages\/1631\/revisions\/1961"}],"wp:attachment":[{"href":"https:\/\/www.hotelengirona.com\/ca\/wp-json\/wp\/v2\/media?parent=1631"}],"curies":[{"name":"wp","href":"https:\/\/api.w.org\/{rel}","templated":true}]}}